{"id":47782,"date":"2018-03-04T01:53:38","date_gmt":"2018-03-04T01:53:38","guid":{"rendered":"https:\/\/multi.pixelspace.com.br\/phonetech\/?page_id=47782"},"modified":"2018-03-04T01:54:26","modified_gmt":"2018-03-04T01:54:26","slug":"portfolio","status":"publish","type":"page","link":"https:\/\/multi.pixelspace.com.br\/phonetech\/portfolio\/","title":{"rendered":"portfolio"},"content":{"rendered":"<p>[et_pb_section admin_label=&#8221;Hero&#8221; fb_built=&#8221;1&#8243; _builder_version=&#8221;3.0.83&#8243; background_image=&#8221;http:\/\/multi.pixelspace.com.br\/phonetech\/wp-content\/uploads\/sites\/7\/2017\/12\/background-texture.jpg&#8221; background_blend=&#8221;multiply&#8221; custom_padding=&#8221;|||&#8221; animation_style=&#8221;zoom&#8221; animation_intensity_zoom=&#8221;4%&#8221;][et_pb_row admin_label=&#8221;row&#8221; custom_padding=&#8221;|||&#8221; bg_img_2=&#8221;http:\/\/multi.pixelspace.com.br\/phonetech\/wp-content\/uploads\/sites\/7\/2017\/12\/business-13.jpg&#8221; parallax_2=&#8221;on&#8221; _builder_version=&#8221;3.0.83&#8243; background_size=&#8221;initial&#8221; background_position=&#8221;top_left&#8221; background_repeat=&#8221;repeat&#8221; background_blend=&#8221;multiply&#8221; animation_style=&#8221;slide&#8221; animation_direction=&#8221;top&#8221; animation_intensity_slide=&#8221;3%&#8221;][et_pb_column type=&#8221;4_4&#8243;][et_pb_text admin_label=&#8221;Texto&#8221; _builder_version=&#8221;3.0.83&#8243; text_font=&#8221;||||||||&#8221; header_font=&#8221;Montserrat|700||on|||||dotted&#8221; header_font_size=&#8221;60px&#8221; header_font_size_last_edited=&#8221;off|desktop&#8221; header_text_color=&#8221;#353740&#8243; header_line_height=&#8221;1.3em&#8221; background_size=&#8221;initial&#8221; background_position=&#8221;top_left&#8221; background_repeat=&#8221;repeat&#8221; custom_margin=&#8221;|||&#8221; animation_style=&#8221;fade&#8221; locked=&#8221;off&#8221;]<\/p>\n<h1>Our work<\/h1>\n<p>[\/et_pb_text][et_pb_divider admin_label=&#8221;Divisor&#8221; color=&#8221;#353740&#8243; show_divider=&#8221;on&#8221; divider_weight=&#8221;6px&#8221; disabled_on=&#8221;on|on|off%22&#8243; _builder_version=&#8221;3.0.83&#8243; max_width=&#8221;120px&#8221; animation_style=&#8221;slide&#8221; animation_direction=&#8221;top&#8221; animation_intensity_slide=&#8221;30%&#8221;]<\/p>\n<p>[\/et_pb_divider][\/et_pb_column][\/et_pb_row][\/et_pb_section][et_pb_section admin_label=&#8221;Projects Section&#8221; fb_built=&#8221;1&#8243; _builder_version=&#8221;3.0.78&#8243; custom_margin=&#8221;|||&#8221; custom_padding=&#8221;110px||110px|&#8221;][et_pb_row admin_label=&#8221;Project 01&#8243; custom_padding=&#8221;|||&#8221; padding_top_1=&#8221;5%&#8221; padding_bottom_1=&#8221;5%&#8221; _builder_version=&#8221;3.0.78&#8243; background_size=&#8221;initial&#8221; background_position=&#8221;top_left&#8221; background_repeat=&#8221;repeat&#8221;][et_pb_column type=&#8221;1_2&#8243;][et_pb_text admin_label=&#8221;Number&#8221; _builder_version=&#8221;3.0.83&#8243; text_font=&#8221;Montserrat|on|||&#8221; text_font_size=&#8221;80px&#8221; text_text_color=&#8221;#fcd21d&#8221; text_line_height=&#8221;1em&#8221; background_size=&#8221;initial&#8221; background_position=&#8221;top_left&#8221; background_repeat=&#8221;repeat&#8221; animation_style=&#8221;slide&#8221; animation_direction=&#8221;bottom&#8221; animation_intensity_slide=&#8221;20%&#8221;]<\/p>\n<p>01<\/p>\n<p>[\/et_pb_text][et_pb_cta admin_label=&#8221;Chamada \u00e0 A\u00e7\u00e3o&#8221; title=&#8221;ABC &#8211; Corporate Branding&#8221; button_url=&#8221;#&#8221; button_text=&#8221;View Project&#8221; use_background_color=&#8221;off&#8221; background_layout=&#8221;light&#8221; _builder_version=&#8221;3.0.83&#8243; header_font=&#8221;Montserrat|700|||||||&#8221; header_text_color=&#8221;#353740&#8243; header_line_height=&#8221;1.5em&#8221; body_font=&#8221;Montserrat||||||||&#8221; body_font_size=&#8221;18px&#8221; body_text_color=&#8221;#747d88&#8243; body_line_height=&#8221;1.8em&#8221; background_size=&#8221;initial&#8221; background_position=&#8221;top_left&#8221; background_repeat=&#8221;repeat&#8221; text_orientation=&#8221;left&#8221; custom_button=&#8221;on&#8221; button_text_size=&#8221;20&#8243; button_text_color=&#8221;#747d88&#8243; button_border_width=&#8221;4px&#8221; button_border_color=&#8221;#747d88&#8243; button_border_radius=&#8221;100px&#8221; button_letter_spacing=&#8221;2px&#8221; button_font=&#8221;Montserrat|700||on|||||&#8221; button_icon=&#8221;%%36%%&#8221; button_icon_color=&#8221;#747d88&#8243; button_bg_color_hover=&#8221;rgba(0,0,0,0)&#8221; button_letter_spacing_hover=&#8221;0&#8243; animation_style=&#8221;slide&#8221; animation_direction=&#8221;top&#8221; animation_intensity_slide=&#8221;6%&#8221;]<\/p>\n<p>Curabitur aliquam justo ex, ac varius sem facilisis a. In vel felis eros. Fusce ipsum enim, ultrices at ante sollicitudin, faucibus hendrerit nunc. Nullam tempor nulla eu imperdiet interdum.<\/p>\n<p>[\/et_pb_cta][\/et_pb_column][et_pb_column type=&#8221;1_2&#8243;][et_pb_image admin_label=&#8221;Imagem&#8221; src=&#8221;http:\/\/multi.pixelspace.com.br\/phonetech\/wp-content\/uploads\/sites\/7\/2017\/12\/home-office-05.jpg&#8221; _builder_version=&#8221;3.0.83&#8243; animation_style=&#8221;slide&#8221; animation_direction=&#8221;right&#8221; animation_intensity_slide=&#8221;10%&#8221; animation_starting_opacity=&#8221;100%&#8221;]<\/p>\n<p>[\/et_pb_image][\/et_pb_column][\/et_pb_row][et_pb_row admin_label=&#8221;Project 02&#8243; custom_padding=&#8221;|||&#8221; custom_margin=&#8221;50px|||&#8221; padding_top_2=&#8221;5%&#8221; padding_bottom_2=&#8221;5%&#8221; _builder_version=&#8221;3.0.78&#8243; background_size=&#8221;initial&#8221; background_position=&#8221;top_left&#8221; background_repeat=&#8221;repeat&#8221;][et_pb_column type=&#8221;1_2&#8243;][et_pb_image admin_label=&#8221;Imagem&#8221; src=&#8221;http:\/\/multi.pixelspace.com.br\/phonetech\/wp-content\/uploads\/sites\/7\/2017\/12\/home-office-06-1.jpg&#8221; _builder_version=&#8221;3.0.83&#8243; animation_style=&#8221;slide&#8221; animation_direction=&#8221;left&#8221; animation_intensity_slide=&#8221;10%&#8221; animation_starting_opacity=&#8221;100%&#8221;]<\/p>\n<p>[\/et_pb_image][\/et_pb_column][et_pb_column type=&#8221;1_2&#8243;][et_pb_text admin_label=&#8221;Number&#8221; _builder_version=&#8221;3.0.83&#8243; text_font=&#8221;Montserrat|on|||&#8221; text_font_size=&#8221;80px&#8221; text_text_color=&#8221;#fcd21d&#8221; text_line_height=&#8221;1em&#8221; background_size=&#8221;initial&#8221; background_position=&#8221;top_left&#8221; background_repeat=&#8221;repeat&#8221; animation_style=&#8221;slide&#8221; animation_direction=&#8221;bottom&#8221; animation_intensity_slide=&#8221;20%&#8221;]<\/p>\n<p>02<\/p>\n<p>[\/et_pb_text][et_pb_cta admin_label=&#8221;Chamada \u00e0 A\u00e7\u00e3o&#8221; title=&#8221;Enkuber &#8211; App Development&#8221; button_url=&#8221;#&#8221; button_text=&#8221;View Project&#8221; use_background_color=&#8221;off&#8221; background_layout=&#8221;light&#8221; _builder_version=&#8221;3.0.83&#8243; header_font=&#8221;Montserrat|700|||||||&#8221; header_text_color=&#8221;#353740&#8243; header_line_height=&#8221;1.5em&#8221; body_font=&#8221;Montserrat||||||||&#8221; body_font_size=&#8221;18px&#8221; body_text_color=&#8221;#747d88&#8243; body_line_height=&#8221;1.8em&#8221; background_size=&#8221;initial&#8221; background_position=&#8221;top_left&#8221; background_repeat=&#8221;repeat&#8221; text_orientation=&#8221;left&#8221; custom_button=&#8221;on&#8221; button_text_size=&#8221;20&#8243; button_text_color=&#8221;#747d88&#8243; button_border_width=&#8221;4px&#8221; button_border_color=&#8221;#747d88&#8243; button_border_radius=&#8221;100px&#8221; button_letter_spacing=&#8221;2px&#8221; button_font=&#8221;Montserrat|700||on|||||&#8221; button_icon=&#8221;%%36%%&#8221; button_icon_color=&#8221;#747d88&#8243; button_bg_color_hover=&#8221;rgba(0,0,0,0)&#8221; button_letter_spacing_hover=&#8221;0&#8243; animation_style=&#8221;slide&#8221; animation_direction=&#8221;top&#8221; animation_intensity_slide=&#8221;6%&#8221; locked=&#8221;off&#8221;]<\/p>\n<p>Curabitur aliquam justo ex, ac varius sem facilisis a. In vel felis eros. Fusce ipsum enim, ultrices at ante sollicitudin, faucibus hendrerit nunc. Nullam tempor nulla eu imperdiet interdum.<\/p>\n<p>[\/et_pb_cta][\/et_pb_column][\/et_pb_row][et_pb_row admin_label=&#8221;Project 03&#8243; custom_padding=&#8221;|||&#8221; custom_margin=&#8221;50px|||&#8221; padding_top_1=&#8221;5%&#8221; padding_bottom_1=&#8221;5%&#8221; _builder_version=&#8221;3.0.78&#8243; background_size=&#8221;initial&#8221; background_position=&#8221;top_left&#8221; background_repeat=&#8221;repeat&#8221;][et_pb_column type=&#8221;1_2&#8243;][et_pb_text admin_label=&#8221;Number&#8221; _builder_version=&#8221;3.0.83&#8243; text_font=&#8221;Montserrat|on|||&#8221; text_font_size=&#8221;80px&#8221; text_text_color=&#8221;#fcd21d&#8221; text_line_height=&#8221;1em&#8221; background_size=&#8221;initial&#8221; background_position=&#8221;top_left&#8221; background_repeat=&#8221;repeat&#8221; animation_style=&#8221;slide&#8221; animation_direction=&#8221;bottom&#8221; animation_intensity_slide=&#8221;20%&#8221;]<\/p>\n<p>03<\/p>\n<p>[\/et_pb_text][et_pb_cta admin_label=&#8221;Chamada \u00e0 A\u00e7\u00e3o&#8221; title=&#8221;Iqra &#8211; Business Development&#8221; button_url=&#8221;#&#8221; button_text=&#8221;View Project&#8221; use_background_color=&#8221;off&#8221; background_layout=&#8221;light&#8221; _builder_version=&#8221;3.0.83&#8243; header_font=&#8221;Montserrat|700|||||||&#8221; header_text_color=&#8221;#353740&#8243; header_line_height=&#8221;1.5em&#8221; body_font=&#8221;Montserrat||||||||&#8221; body_font_size=&#8221;18px&#8221; body_text_color=&#8221;#747d88&#8243; body_line_height=&#8221;1.8em&#8221; background_size=&#8221;initial&#8221; background_position=&#8221;top_left&#8221; background_repeat=&#8221;repeat&#8221; text_orientation=&#8221;left&#8221; custom_button=&#8221;on&#8221; button_text_size=&#8221;20&#8243; button_text_color=&#8221;#747d88&#8243; button_border_width=&#8221;4px&#8221; button_border_color=&#8221;#747d88&#8243; button_border_radius=&#8221;100px&#8221; button_letter_spacing=&#8221;2px&#8221; button_font=&#8221;Montserrat|700||on|||||&#8221; button_icon=&#8221;%%36%%&#8221; button_icon_color=&#8221;#747d88&#8243; button_bg_color_hover=&#8221;rgba(0,0,0,0)&#8221; button_letter_spacing_hover=&#8221;0&#8243; animation_style=&#8221;slide&#8221; animation_direction=&#8221;top&#8221; animation_intensity_slide=&#8221;6%&#8221; locked=&#8221;off&#8221;]<\/p>\n<p>Curabitur aliquam justo ex, ac varius sem facilisis a. In vel felis eros. Fusce ipsum enim, ultrices at ante sollicitudin, faucibus hendrerit nunc. Nullam tempor nulla eu imperdiet interdum.<\/p>\n<p>[\/et_pb_cta][\/et_pb_column][et_pb_column type=&#8221;1_2&#8243;][et_pb_image admin_label=&#8221;Imagem&#8221; src=&#8221;http:\/\/multi.pixelspace.com.br\/phonetech\/wp-content\/uploads\/sites\/7\/2017\/12\/home-office-02.jpg&#8221; _builder_version=&#8221;3.0.83&#8243; animation_style=&#8221;slide&#8221; animation_direction=&#8221;right&#8221; animation_intensity_slide=&#8221;10%&#8221; animation_starting_opacity=&#8221;100%&#8221;]<\/p>\n<p>[\/et_pb_image][\/et_pb_column][\/et_pb_row][et_pb_row admin_label=&#8221;Project 04&#8243; custom_padding=&#8221;|||&#8221; custom_margin=&#8221;50px|||&#8221; padding_top_2=&#8221;5%&#8221; padding_bottom_2=&#8221;5%&#8221; _builder_version=&#8221;3.0.78&#8243; background_size=&#8221;initial&#8221; background_position=&#8221;top_left&#8221; background_repeat=&#8221;repeat&#8221;][et_pb_column type=&#8221;1_2&#8243;][et_pb_image admin_label=&#8221;Imagem&#8221; src=&#8221;http:\/\/multi.pixelspace.com.br\/phonetech\/wp-content\/uploads\/sites\/7\/2017\/12\/case_study_img_03.jpg&#8221; _builder_version=&#8221;3.0.83&#8243; animation_style=&#8221;slide&#8221; animation_direction=&#8221;left&#8221; animation_intensity_slide=&#8221;10%&#8221; animation_starting_opacity=&#8221;100%&#8221;]<\/p>\n<p>[\/et_pb_image][\/et_pb_column][et_pb_column type=&#8221;1_2&#8243;][et_pb_text admin_label=&#8221;Number&#8221; _builder_version=&#8221;3.0.83&#8243; text_font=&#8221;Montserrat|on|||&#8221; text_font_size=&#8221;80px&#8221; text_text_color=&#8221;#fcd21d&#8221; text_line_height=&#8221;1em&#8221; background_size=&#8221;initial&#8221; background_position=&#8221;top_left&#8221; background_repeat=&#8221;repeat&#8221; animation_style=&#8221;slide&#8221; animation_direction=&#8221;bottom&#8221; animation_intensity_slide=&#8221;20%&#8221;]<\/p>\n<p>04<\/p>\n<p>[\/et_pb_text][et_pb_cta admin_label=&#8221;Chamada \u00e0 A\u00e7\u00e3o&#8221; title=&#8221;Ninza &#8211; Branding Identity&#8221; button_url=&#8221;#&#8221; button_text=&#8221;View Project&#8221; use_background_color=&#8221;off&#8221; background_layout=&#8221;light&#8221; _builder_version=&#8221;3.0.83&#8243; header_font=&#8221;Montserrat|700|||||||&#8221; header_text_color=&#8221;#353740&#8243; header_line_height=&#8221;1.5em&#8221; body_font=&#8221;Montserrat||||||||&#8221; body_font_size=&#8221;18px&#8221; body_text_color=&#8221;#747d88&#8243; body_line_height=&#8221;1.8em&#8221; background_size=&#8221;initial&#8221; background_position=&#8221;top_left&#8221; background_repeat=&#8221;repeat&#8221; text_orientation=&#8221;left&#8221; custom_button=&#8221;on&#8221; button_text_size=&#8221;20&#8243; button_text_color=&#8221;#747d88&#8243; button_border_width=&#8221;4px&#8221; button_border_color=&#8221;#747d88&#8243; button_border_radius=&#8221;100px&#8221; button_letter_spacing=&#8221;2px&#8221; button_font=&#8221;Montserrat|700||on|||||&#8221; button_icon=&#8221;%%36%%&#8221; button_icon_color=&#8221;#747d88&#8243; button_bg_color_hover=&#8221;rgba(0,0,0,0)&#8221; button_letter_spacing_hover=&#8221;0&#8243; animation_style=&#8221;slide&#8221; animation_direction=&#8221;top&#8221; animation_intensity_slide=&#8221;6%&#8221; locked=&#8221;off&#8221;]<\/p>\n<p>Curabitur aliquam justo ex, ac varius sem facilisis a. In vel felis eros. Fusce ipsum enim, ultrices at ante sollicitudin, faucibus hendrerit nunc. Nullam tempor nulla eu imperdiet interdum.<\/p>\n<p>[\/et_pb_cta][\/et_pb_column][\/et_pb_row][\/et_pb_section][et_pb_section admin_label=&#8221;Contact Form Section&#8221; fb_built=&#8221;1&#8243; background_color=&#8221;#fcd21d&#8221; _builder_version=&#8221;3.0.83&#8243; custom_padding=&#8221;110px||110px|&#8221; animation_style=&#8221;zoom&#8221; animation_direction=&#8221;bottom&#8221; animation_intensity_zoom=&#8221;10%&#8221; saved_tabs=&#8221;all&#8221;][et_pb_row admin_label=&#8221;Service Section Title&#8221; custom_margin=&#8221;||40px|&#8221; _builder_version=&#8221;3.0.83&#8243; animation_style=&#8221;fade&#8221; animation_direction=&#8221;top&#8221; locked=&#8221;off&#8221;][et_pb_column type=&#8221;4_4&#8243;][et_pb_text admin_label=&#8221;Title&#8221; _builder_version=&#8221;3.0.83&#8243; text_font=&#8221;Montserrat||||||||&#8221; text_font_size=&#8221;16px&#8221; text_text_color=&#8221;#747d88&#8243; text_line_height=&#8221;1.9em&#8221; header_font=&#8221;||||||||&#8221; header_2_font=&#8221;Montserrat|700||on|||||&#8221; header_2_font_size=&#8221;42px&#8221; header_2_line_height=&#8221;1.3em&#8221; background_size=&#8221;initial&#8221; background_position=&#8221;top_left&#8221; background_repeat=&#8221;repeat&#8221; text_orientation=&#8221;center&#8221; max_width=&#8221;700px&#8221; module_alignment=&#8221;center&#8221; animation_style=&#8221;slide&#8221; animation_direction=&#8221;bottom&#8221; animation_intensity_slide=&#8221;4%&#8221;]<\/p>\n<h2>Let&#8217;s Start Something new<br \/><span style=\"color: #FFF\">Say Hello!<\/span><\/h2>\n<p>[\/et_pb_text][et_pb_text admin_label=&#8221;Subtitle&#8221; _builder_version=&#8221;3.0.83&#8243; text_font=&#8221;Montserrat||||&#8221; text_font_size=&#8221;16px&#8221; text_text_color=&#8221;#353740&#8243; text_line_height=&#8221;1.8em&#8221; header_font=&#8221;||||||||&#8221; background_size=&#8221;initial&#8221; background_position=&#8221;top_left&#8221; background_repeat=&#8221;repeat&#8221; text_orientation=&#8221;center&#8221; max_width=&#8221;700px&#8221; module_alignment=&#8221;center&#8221; custom_margin=&#8221;|||&#8221; animation_style=&#8221;slide&#8221; animation_direction=&#8221;bottom&#8221; animation_delay=&#8221;100ms&#8221; animation_intensity_slide=&#8221;4%&#8221;]<\/p>\n<p>Excepteur sint occaecat cupidatat non proident, sunt in culpa qui officia deserunt mollit laborum. Sed ut perspiciatis unde omnis.<\/p>\n<p>[\/et_pb_text][\/et_pb_column][\/et_pb_row][et_pb_row admin_label=&#8221;Contact Form&#8221; _builder_version=&#8221;3.0.76&#8243; animation_style=&#8221;fade&#8221;][et_pb_column type=&#8221;4_4&#8243;][et_pb_contact_form admin_label=&#8221;Formul\u00e1rio de Contato&#8221; captcha=&#8221;off&#8221; submit_button_text=&#8221;Send&#8221; form_background_color=&#8221;rgba(255,255,255,0)&#8221; module_id=&#8221;et_pb_contact_form_0&#8243; _builder_version=&#8221;3.0.83&#8243; form_field_font=&#8221;Montserrat||||&#8221; form_field_font_size=&#8221;16px&#8221; form_field_text_color=&#8221;#353740&#8243; max_width=&#8221;800px&#8221; module_alignment=&#8221;center&#8221; custom_button=&#8221;on&#8221; button_text_size=&#8221;20&#8243; button_text_color=&#8221;#ffffff&#8221; button_border_width=&#8221;5px&#8221; button_border_color=&#8221;#ffffff&#8221; button_border_radius=&#8221;100px&#8221; button_letter_spacing=&#8221;2px&#8221; button_font=&#8221;Montserrat|on||on|&#8221; button_icon=&#8221;%%36%%&#8221; button_icon_color=&#8221;#ffffff&#8221; button_text_color_hover=&#8221;#ffffff&#8221; button_bg_color_hover=&#8221;rgba(0,0,0,0)&#8221; button_border_color_hover=&#8221;#ffffff&#8221; button_letter_spacing_hover=&#8221;2px&#8221; animation_style=&#8221;fade&#8221; box_shadow_style=&#8221;preset7&#8243; box_shadow_horizontal=&#8221;0px&#8221; box_shadow_vertical=&#8221;-1px&#8221; box_shadow_color=&#8221;rgba(0,0,0,0.18)&#8221;]<\/p>\n<p>[et_pb_contact_field field_id=&#8221;Name&#8221; field_title=&#8221;Name&#8221; fullwidth_field=&#8221;on&#8221; _builder_version=&#8221;3.0.83&#8243;][\/et_pb_contact_field][et_pb_contact_field field_id=&#8221;Email&#8221; field_title=&#8221;Email Address&#8221; field_type=&#8221;email&#8221; fullwidth_field=&#8221;on&#8221; _builder_version=&#8221;3.0.76&#8243;][\/et_pb_contact_field][et_pb_contact_field field_id=&#8221;Company&#8221; field_title=&#8221;Company Name&#8221; fullwidth_field=&#8221;on&#8221; _builder_version=&#8221;3.0.76&#8243;][\/et_pb_contact_field][et_pb_contact_field field_id=&#8221;Message&#8221; field_title=&#8221;Message&#8221; field_type=&#8221;text&#8221; fullwidth_field=&#8221;on&#8221; _builder_version=&#8221;3.0.83&#8243; custom_margin=&#8221;||60px|&#8221; custom_padding=&#8221;|||&#8221;][\/et_pb_contact_field]<\/p>\n<p>[\/et_pb_contact_form][\/et_pb_column][\/et_pb_row][\/et_pb_section]<\/p>\n","protected":false},"excerpt":{"rendered":"<p>Our work 01 Curabitur aliquam justo ex, ac varius sem facilisis a. In vel felis eros. Fusce ipsum enim, ultrices at ante sollicitudin, faucibus hendrerit nunc. Nullam tempor nulla eu imperdiet interdum. 02 Curabitur aliquam justo ex, ac varius sem facilisis a. In vel felis eros. Fusce ipsum enim, ultrices at ante sollicitudin, faucibus hendrerit [&hellip;]<\/p>\n","protected":false},"author":1,"featured_media":0,"parent":0,"menu_order":0,"comment_status":"closed","ping_status":"closed","template":"","meta":{"_et_pb_use_builder":"on","_et_pb_old_content":"","_et_gb_content_width":"","footnotes":""},"class_list":["post-47782","page","type-page","status-publish","hentry"],"yoast_head":"<!-- This site is optimized with the Yoast SEO plugin v22.7 - https:\/\/yoast.com\/wordpress\/plugins\/seo\/ -->\n<title>portfolio - PhoneTech<\/title>\n<meta name=\"robots\" content=\"index, follow, max-snippet:-1, max-image-preview:large, max-video-preview:-1\" \/>\n<link rel=\"canonical\" href=\"https:\/\/multi.pixelspace.com.br\/phonetech\/portfolio\/\" \/>\n<meta property=\"og:locale\" content=\"pt_BR\" \/>\n<meta property=\"og:type\" content=\"article\" \/>\n<meta property=\"og:title\" content=\"portfolio - PhoneTech\" \/>\n<meta property=\"og:description\" content=\"Our work 01 Curabitur aliquam justo ex, ac varius sem facilisis a. In vel felis eros. Fusce ipsum enim, ultrices at ante sollicitudin, faucibus hendrerit nunc. Nullam tempor nulla eu imperdiet interdum. 02 Curabitur aliquam justo ex, ac varius sem facilisis a. In vel felis eros. Fusce ipsum enim, ultrices at ante sollicitudin, faucibus hendrerit [&hellip;]\" \/>\n<meta property=\"og:url\" content=\"https:\/\/multi.pixelspace.com.br\/phonetech\/portfolio\/\" \/>\n<meta property=\"og:site_name\" content=\"PhoneTech\" \/>\n<meta property=\"article:modified_time\" content=\"2018-03-04T01:54:26+00:00\" \/>\n<meta name=\"twitter:card\" content=\"summary_large_image\" \/>\n<meta name=\"twitter:label1\" content=\"Est. tempo de leitura\" \/>\n\t<meta name=\"twitter:data1\" content=\"9 minutos\" \/>\n<script type=\"application\/ld+json\" class=\"yoast-schema-graph\">{\"@context\":\"https:\/\/schema.org\",\"@graph\":[{\"@type\":\"WebPage\",\"@id\":\"https:\/\/multi.pixelspace.com.br\/phonetech\/portfolio\/\",\"url\":\"https:\/\/multi.pixelspace.com.br\/phonetech\/portfolio\/\",\"name\":\"portfolio - PhoneTech\",\"isPartOf\":{\"@id\":\"https:\/\/multi.pixelspace.com.br\/phonetech\/#website\"},\"datePublished\":\"2018-03-04T01:53:38+00:00\",\"dateModified\":\"2018-03-04T01:54:26+00:00\",\"breadcrumb\":{\"@id\":\"https:\/\/multi.pixelspace.com.br\/phonetech\/portfolio\/#breadcrumb\"},\"inLanguage\":\"pt-BR\",\"potentialAction\":[{\"@type\":\"ReadAction\",\"target\":[\"https:\/\/multi.pixelspace.com.br\/phonetech\/portfolio\/\"]}]},{\"@type\":\"BreadcrumbList\",\"@id\":\"https:\/\/multi.pixelspace.com.br\/phonetech\/portfolio\/#breadcrumb\",\"itemListElement\":[{\"@type\":\"ListItem\",\"position\":1,\"name\":\"Home\",\"item\":\"https:\/\/multi.pixelspace.com.br\/phonetech\/\"},{\"@type\":\"ListItem\",\"position\":2,\"name\":\"portfolio\"}]},{\"@type\":\"WebSite\",\"@id\":\"https:\/\/multi.pixelspace.com.br\/phonetech\/#website\",\"url\":\"https:\/\/multi.pixelspace.com.br\/phonetech\/\",\"name\":\"PhoneTech\",\"description\":\"Just another Pixel Space Multi Sites site\",\"potentialAction\":[{\"@type\":\"SearchAction\",\"target\":{\"@type\":\"EntryPoint\",\"urlTemplate\":\"https:\/\/multi.pixelspace.com.br\/phonetech\/?s={search_term_string}\"},\"query-input\":\"required name=search_term_string\"}],\"inLanguage\":\"pt-BR\"}]}<\/script>\n<!-- \/ Yoast SEO plugin. -->","yoast_head_json":{"title":"portfolio - PhoneTech","robots":{"index":"index","follow":"follow","max-snippet":"max-snippet:-1","max-image-preview":"max-image-preview:large","max-video-preview":"max-video-preview:-1"},"canonical":"https:\/\/multi.pixelspace.com.br\/phonetech\/portfolio\/","og_locale":"pt_BR","og_type":"article","og_title":"portfolio - PhoneTech","og_description":"Our work 01 Curabitur aliquam justo ex, ac varius sem facilisis a. In vel felis eros. Fusce ipsum enim, ultrices at ante sollicitudin, faucibus hendrerit nunc. Nullam tempor nulla eu imperdiet interdum. 02 Curabitur aliquam justo ex, ac varius sem facilisis a. In vel felis eros. Fusce ipsum enim, ultrices at ante sollicitudin, faucibus hendrerit [&hellip;]","og_url":"https:\/\/multi.pixelspace.com.br\/phonetech\/portfolio\/","og_site_name":"PhoneTech","article_modified_time":"2018-03-04T01:54:26+00:00","twitter_card":"summary_large_image","twitter_misc":{"Est. tempo de leitura":"9 minutos"},"schema":{"@context":"https:\/\/schema.org","@graph":[{"@type":"WebPage","@id":"https:\/\/multi.pixelspace.com.br\/phonetech\/portfolio\/","url":"https:\/\/multi.pixelspace.com.br\/phonetech\/portfolio\/","name":"portfolio - PhoneTech","isPartOf":{"@id":"https:\/\/multi.pixelspace.com.br\/phonetech\/#website"},"datePublished":"2018-03-04T01:53:38+00:00","dateModified":"2018-03-04T01:54:26+00:00","breadcrumb":{"@id":"https:\/\/multi.pixelspace.com.br\/phonetech\/portfolio\/#breadcrumb"},"inLanguage":"pt-BR","potentialAction":[{"@type":"ReadAction","target":["https:\/\/multi.pixelspace.com.br\/phonetech\/portfolio\/"]}]},{"@type":"BreadcrumbList","@id":"https:\/\/multi.pixelspace.com.br\/phonetech\/portfolio\/#breadcrumb","itemListElement":[{"@type":"ListItem","position":1,"name":"Home","item":"https:\/\/multi.pixelspace.com.br\/phonetech\/"},{"@type":"ListItem","position":2,"name":"portfolio"}]},{"@type":"WebSite","@id":"https:\/\/multi.pixelspace.com.br\/phonetech\/#website","url":"https:\/\/multi.pixelspace.com.br\/phonetech\/","name":"PhoneTech","description":"Just another Pixel Space Multi Sites site","potentialAction":[{"@type":"SearchAction","target":{"@type":"EntryPoint","urlTemplate":"https:\/\/multi.pixelspace.com.br\/phonetech\/?s={search_term_string}"},"query-input":"required name=search_term_string"}],"inLanguage":"pt-BR"}]}},"_links":{"self":[{"href":"https:\/\/multi.pixelspace.com.br\/phonetech\/wp-json\/wp\/v2\/pages\/47782","targetHints":{"allow":["GET"]}}],"collection":[{"href":"https:\/\/multi.pixelspace.com.br\/phonetech\/wp-json\/wp\/v2\/pages"}],"about":[{"href":"https:\/\/multi.pixelspace.com.br\/phonetech\/wp-json\/wp\/v2\/types\/page"}],"author":[{"embeddable":true,"href":"https:\/\/multi.pixelspace.com.br\/phonetech\/wp-json\/wp\/v2\/users\/1"}],"replies":[{"embeddable":true,"href":"https:\/\/multi.pixelspace.com.br\/phonetech\/wp-json\/wp\/v2\/comments?post=47782"}],"version-history":[{"count":3,"href":"https:\/\/multi.pixelspace.com.br\/phonetech\/wp-json\/wp\/v2\/pages\/47782\/revisions"}],"predecessor-version":[{"id":47785,"href":"https:\/\/multi.pixelspace.com.br\/phonetech\/wp-json\/wp\/v2\/pages\/47782\/revisions\/47785"}],"wp:attachment":[{"href":"https:\/\/multi.pixelspace.com.br\/phonetech\/wp-json\/wp\/v2\/media?parent=47782"}],"curies":[{"name":"wp","href":"https:\/\/api.w.org\/{rel}","templated":true}]}}