{"id":300,"date":"2020-08-23T15:12:25","date_gmt":"2020-08-23T15:12:25","guid":{"rendered":"https:\/\/multi.pixelspace.com.br\/multilentes\/?post_type=product&#038;p=300"},"modified":"2020-11-10T17:27:10","modified_gmt":"2020-11-10T17:27:10","slug":"biofinity-multifocal","status":"publish","type":"product","link":"https:\/\/multi.pixelspace.com.br\/modelo\/product\/biofinity-multifocal\/","title":{"rendered":"Biofinity Multifocal"},"content":{"rendered":"<h1>Biofinity Multifocal<\/h1>\n<p>Mais de 40 anos?<br \/>\nConhe\u00e7a as lentes de contato multifocais de qualidade superior.<\/p>\n<h2>Caracter\u00edsticas da Biofinity Multifocal<\/h2>\n<ul>\n<li>Substitui\u00e7\u00e3o mensal;<\/li>\n<li>Focam de perto, de longe e a meia dist\u00e2ncia;<\/li>\n<li>As lentes mant\u00eam-se umectadas e confort\u00e1veis;<\/li>\n<li>Naturalmente umectadas, por isso t\u00eam menor necessidade de uso de gotas lubrificantes adicionais.<\/li>\n<\/ul>\n<h2>Focar De Perto, De Longe E A Meia Dist\u00e2ncia? Sem problemas para a Biofinity Multifocal<\/h2>\n<p>Entre os 40 e os 45 anos os nossos olhos perdem a capacidade de focar objetos que est\u00e3o pr\u00f3ximos \u2014 especialmente em situa\u00e7\u00f5es com pouca luz, como, por exemplo, ler um card\u00e1pio num restaurante. Este problema chama-se \u201cpresbiopia\u201d ou vista cansada e afeta todas as pessoas.<\/p>\n<p>Com a Balanced Progressive\u2122 Technology, as lentes de contato Biofinity multifocal da CooperVision permitem-lhe ver objetos de perto e de longe, juntamente com tudo o que se encontra a meia dist\u00e2ncia \u2014 tudo com a clareza e o conforto que voc\u00ea merece. E voc\u00ea pode usar estas lentes at\u00e9 7 dias seguidos.<\/p>\n<p>Gra\u00e7as \u00e0 Aquaform Technology exclusiva, as lentes Biofinity multifocal permitem a passagem de muito oxig\u00eanio para os olhos. E o seu potencial umidificante natural n\u00e3o desaparece ao longo do uso. Voc\u00ea desfrutar\u00e1 de uma vis\u00e3o excelente com uma lente gelatinosa confort\u00e1vel mais saud\u00e1vel para os seus olhos.<\/p>\n<p>Para uma corre\u00e7\u00e3o otimizada da presbiopia e um conforto superior para uso prolongado, pergunte ao seu oftalmologista sobre as lentes de contato Biofinity multifocal.<\/p>\n<h2>Indica\u00e7\u00e3o<\/h2>\n<p>N\u00e3o quer mais usar aqueles \u00f3culos de leitura indiscretos e desconfort\u00e1veis? A presbiopia (vista cansada) \u00e9 um problema que pode afetar a sua qualidade de vida, da dificuldade em focar objetos pr\u00f3ximos, como a tela do celular, at\u00e9 a tentativa de enxergar com baixa luminosidade. Agora, com as lentes de contato Biofinity multifocal, voc\u00ea poder\u00e1 ter \u00f3tima qualidade visual, seja para perto, para longe ou a meia dist\u00e2ncia, sem comprometer o conforto.<\/p>\n<h2>Informa\u00e7\u00f5es Do Fabricante<\/h2>\n<p>A <a href=\"https:\/\/coopervision.com.br\/\" target=\"_blank\" rel=\"noopener noreferrer\">CooperVision<\/a> sempre entendeu que conforto \u00e9 muito importante para o usu\u00e1rio de lentes de contato. Por isso, desenvolveu a inovadora Tecnologia Aquaform\u00ae, que proporciona aos usu\u00e1rios os seguintes benef\u00edcios:<\/p>\n<ul>\n<li>Lente naturalmente hidrof\u00edlica que, ao reter \u00e1gua em seu interior, reduz a desidrata\u00e7\u00e3o e proporciona mais conforto, minimizando as sensa\u00e7\u00f5es de ressecamento ocular relacionadas \u00e0 idade;<\/li>\n<li>Umectabilidade natural \u2013 n\u00e3o h\u00e1 necessidade de adi\u00e7\u00e3o de agentes umectantes ou de tratamentos de superf\u00edcies durante a fabrica\u00e7\u00e3o das lentes;<\/li>\n<li>Maior resist\u00eancia \u00e0 forma\u00e7\u00e3o de dep\u00f3sitos, deixando as lentes mais limpas, confort\u00e1veis e seguras;<\/li>\n<li>Qualidade de vis\u00e3o incr\u00edvel em todas as dist\u00e2ncias: A qualidade de vis\u00e3o em todas as dist\u00e2ncias \u00e9 um fator primordial para o sucesso de uma lente de contato multifocal.<\/li>\n<li>Op\u00e7\u00e3o ideal para usu\u00e1rios com vista cansada;<\/li>\n<li>Mais umectadas e confort\u00e1veis durante o dia todo;<\/li>\n<li>Excelente qualidade de vis\u00e3o em todas as dist\u00e2ncias;<\/li>\n<li>Elevado fluxo de oxig\u00eanio que atinge a c\u00f3rnea \u2013 mais seguran\u00e7a.<\/li>\n<\/ul>\n<h2>Destaque<\/h2>\n<p>A Biofinity multifocal utiliza a nossa exclusiva Tecnologia de Balan\u00e7o Progressivo, que combina \u00f3pticas esf\u00e9ricas e asf\u00e9ricas e tamanhos \u00fanicos de zonas conc\u00eantricas na produ\u00e7\u00e3o de uma lente &#8220;D&#8221; para o olho dominante e uma lente &#8220;N&#8221; para o olho n\u00e3o dominante. O resultado \u00e9 um modelo que proporciona qualidade de vis\u00e3o incr\u00edvel de perto, de longe e a meia dist\u00e2ncia.<\/p>\n<p>Assim como n\u00e3o existem dois olhos iguais, cada estilo de vida tem suas necessidades espec\u00edficas.<\/p>\n<p>Mais informa\u00e7\u00f5es sobre o produto: <a href=\"https:\/\/coopervision.com.br\/lentes-de-contacto\/biofinity-multifocal\" target=\"_blank\" rel=\"noopener noreferrer\">CooperVision<\/a><\/p>\n","protected":false},"excerpt":{"rendered":"<h1>Biofinity Multifocal<\/h1>\n<p>Mais de 40 anos?<br \/>\nConhe\u00e7a as lentes de contato multifocais de qualidade superior.<\/p>\n","protected":false},"featured_media":301,"comment_status":"open","ping_status":"closed","template":"","meta":{"_et_pb_use_builder":"off","_et_pb_old_content":"<h1>Biofinity Multifocal<\/h1>\r\nMais de 40 anos?\r\nConhe\u00e7a as lentes de contato multifocais de qualidade superior.\r\n\r\n<h2>Caracter\u00edsticas da Biofinity Multifocal<\/h2>\r\n<ul>\r\n \t<li>Substitui\u00e7\u00e3o mensal;<\/li>\r\n \t<li>Focam de perto, de longe e a meia dist\u00e2ncia;<\/li>\r\n \t<li>As lentes mant\u00eam-se umectadas e confort\u00e1veis;<\/li>\r\n \t<li>Naturalmente umectadas, por isso t\u00eam menor necessidade de uso de gotas lubrificantes adicionais.<\/li>\r\n<\/ul>\r\n\r\n<h2>Focar De Perto, De Longe E A Meia Dist\u00e2ncia? Sem problemas para a Biofinity Multifocal<\/h2>\r\nEntre os 40 e os 45 anos os nossos olhos perdem a capacidade de focar objetos que est\u00e3o pr\u00f3ximos \u2014 especialmente em situa\u00e7\u00f5es com pouca luz, como, por exemplo, ler um card\u00e1pio num restaurante. Este problema chama-se \u201cpresbiopia\u201d ou vista cansada e afeta todas as pessoas.\r\n\r\nCom a Balanced Progressive\u2122 Technology, as lentes de contato Biofinity multifocal da CooperVision permitem-lhe ver objetos de perto e de longe, juntamente com tudo o que se encontra a meia dist\u00e2ncia \u2014 tudo com a clareza e o conforto que voc\u00ea merece. E voc\u00ea pode usar estas lentes at\u00e9 7 dias seguidos.\r\n\r\nGra\u00e7as \u00e0 Aquaform Technology exclusiva, as lentes Biofinity multifocal permitem a passagem de muito oxig\u00eanio para os olhos. E o seu potencial umidificante natural n\u00e3o desaparece ao longo do uso. Voc\u00ea desfrutar\u00e1 de uma vis\u00e3o excelente com uma lente gelatinosa confort\u00e1vel mais saud\u00e1vel para os seus olhos.\r\n\r\nPara uma corre\u00e7\u00e3o otimizada da presbiopia e um conforto superior para uso prolongado, pergunte ao seu oftalmologista sobre as lentes de contato Biofinity multifocal.\r\n\r\n<h2>Indica\u00e7\u00e3o<\/h2>\r\nN\u00e3o quer mais usar aqueles \u00f3culos de leitura indiscretos e desconfort\u00e1veis? A presbiopia (vista cansada) \u00e9 um problema que pode afetar a sua qualidade de vida, da dificuldade em focar objetos pr\u00f3ximos, como a tela do celular, at\u00e9 a tentativa de enxergar com baixa luminosidade. Agora, com as lentes de contato Biofinity multifocal, voc\u00ea poder\u00e1 ter \u00f3tima qualidade visual, seja para perto, para longe ou a meia dist\u00e2ncia, sem comprometer o conforto.\r\n\r\n<h2>Informa\u00e7\u00f5es Do Fabricante<\/h2>\r\nA <a href=\"https:\/\/coopervision.com.br\/\" target=\"_blank\" rel=\"noopener noreferrer\">CooperVision<\/a> sempre entendeu que conforto \u00e9 muito importante para o usu\u00e1rio de lentes de contato. Por isso, desenvolveu a inovadora Tecnologia Aquaform\u00ae, que proporciona aos usu\u00e1rios os seguintes benef\u00edcios:\r\n<ul>\r\n \t<li>Lente naturalmente hidrof\u00edlica que, ao reter \u00e1gua em seu interior, reduz a desidrata\u00e7\u00e3o e proporciona mais conforto, minimizando as sensa\u00e7\u00f5es de ressecamento ocular relacionadas \u00e0 idade;<\/li>\r\n \t<li>Umectabilidade natural \u2013 n\u00e3o h\u00e1 necessidade de adi\u00e7\u00e3o de agentes umectantes ou de tratamentos de superf\u00edcies durante a fabrica\u00e7\u00e3o das lentes;<\/li>\r\n \t<li>Maior resist\u00eancia \u00e0 forma\u00e7\u00e3o de dep\u00f3sitos, deixando as lentes mais limpas, confort\u00e1veis e seguras;<\/li>\r\n \t<li>Qualidade de vis\u00e3o incr\u00edvel em todas as dist\u00e2ncias: A qualidade de vis\u00e3o em todas as dist\u00e2ncias \u00e9 um fator primordial para o sucesso de uma lente de contato multifocal.<\/li>\r\n \t<li>Op\u00e7\u00e3o ideal para usu\u00e1rios com vista cansada;<\/li>\r\n \t<li>Mais umectadas e confort\u00e1veis durante o dia todo;<\/li>\r\n \t<li>Excelente qualidade de vis\u00e3o em todas as dist\u00e2ncias;<\/li>\r\n \t<li>Elevado fluxo de oxig\u00eanio que atinge a c\u00f3rnea \u2013 mais seguran\u00e7a.<\/li>\r\n<\/ul>\r\n\r\n<h2>Destaque<\/h2>\r\nA Biofinity multifocal utiliza a nossa exclusiva Tecnologia de Balan\u00e7o Progressivo, que combina \u00f3pticas esf\u00e9ricas e asf\u00e9ricas e tamanhos \u00fanicos de zonas conc\u00eantricas na produ\u00e7\u00e3o de uma lente \"D\" para o olho dominante e uma lente \"N\" para o olho n\u00e3o dominante. O resultado \u00e9 um modelo que proporciona qualidade de vis\u00e3o incr\u00edvel de perto, de longe e a meia dist\u00e2ncia.\r\n\r\nAssim como n\u00e3o existem dois olhos iguais, cada estilo de vida tem suas necessidades espec\u00edficas.\r\n\r\nMais informa\u00e7\u00f5es sobre o produto: <a href=\"https:\/\/coopervision.com.br\/lentes-de-contacto\/biofinity-multifocal\" target=\"_blank\" rel=\"noopener noreferrer\">CooperVision<\/a>","_et_gb_content_width":"","_joinchat":[]},"product_cat":[18],"product_tag":[],"class_list":{"0":"post-300","1":"product","2":"type-product","3":"status-publish","4":"has-post-thumbnail","6":"product_cat-lentes-de-contato","8":"first","9":"instock","10":"sale","11":"featured","12":"shipping-taxable","13":"purchasable","14":"product-type-simple"},"yoast_head":"<!-- This site is optimized with the Yoast SEO plugin v22.7 - https:\/\/yoast.com\/wordpress\/plugins\/seo\/ -->\n<title>Biofinity Multifocal - Lentes de Contato para voc\u00ea - Multilentes<\/title>\n<meta name=\"description\" content=\"Voc\u00ea tem mais de 40 anos? Problemas para focar? Conhe\u00e7a lente de contato Biofinity Multifocal, multifocais de qualidade superior.\" \/>\n<meta name=\"robots\" content=\"index, follow, max-snippet:-1, max-image-preview:large, max-video-preview:-1\" \/>\n<link rel=\"canonical\" href=\"https:\/\/multi.pixelspace.com.br\/modelo\/product\/biofinity-multifocal\/\" \/>\n<meta property=\"og:locale\" content=\"pt_BR\" \/>\n<meta property=\"og:type\" content=\"article\" \/>\n<meta property=\"og:title\" content=\"Biofinity Multifocal - Lentes de Contato para voc\u00ea - Multilentes\" \/>\n<meta property=\"og:description\" content=\"Voc\u00ea tem mais de 40 anos? Problemas para focar? Conhe\u00e7a lente de contato Biofinity Multifocal, multifocais de qualidade superior.\" \/>\n<meta property=\"og:url\" content=\"https:\/\/multi.pixelspace.com.br\/modelo\/product\/biofinity-multifocal\/\" \/>\n<meta property=\"og:site_name\" content=\"Modelo Loja\" \/>\n<meta property=\"article:modified_time\" content=\"2020-11-10T17:27:10+00:00\" \/>\n<meta property=\"og:image\" content=\"https:\/\/multi.pixelspace.com.br\/modelo\/wp-content\/uploads\/sites\/25\/2020\/08\/coopervision-biofinity-multifocal-lente-de-contato_copiar_1140x.jpg\" \/>\n\t<meta property=\"og:image:width\" content=\"1140\" \/>\n\t<meta property=\"og:image:height\" content=\"787\" \/>\n\t<meta property=\"og:image:type\" content=\"image\/jpeg\" \/>\n<meta name=\"twitter:card\" content=\"summary_large_image\" \/>\n<meta name=\"twitter:label1\" content=\"Est. tempo de leitura\" \/>\n\t<meta name=\"twitter:data1\" content=\"3 minutos\" \/>\n<script type=\"application\/ld+json\" class=\"yoast-schema-graph\">{\"@context\":\"https:\/\/schema.org\",\"@graph\":[{\"@type\":\"WebPage\",\"@id\":\"https:\/\/multi.pixelspace.com.br\/modelo\/product\/biofinity-multifocal\/\",\"url\":\"https:\/\/multi.pixelspace.com.br\/modelo\/product\/biofinity-multifocal\/\",\"name\":\"Biofinity Multifocal - Lentes de Contato para voc\u00ea - Multilentes\",\"isPartOf\":{\"@id\":\"https:\/\/multi.pixelspace.com.br\/modelo\/#website\"},\"primaryImageOfPage\":{\"@id\":\"https:\/\/multi.pixelspace.com.br\/modelo\/product\/biofinity-multifocal\/#primaryimage\"},\"image\":{\"@id\":\"https:\/\/multi.pixelspace.com.br\/modelo\/product\/biofinity-multifocal\/#primaryimage\"},\"thumbnailUrl\":\"https:\/\/multi.pixelspace.com.br\/modelo\/wp-content\/uploads\/sites\/25\/2020\/08\/coopervision-biofinity-multifocal-lente-de-contato_copiar_1140x.jpg\",\"datePublished\":\"2020-08-23T15:12:25+00:00\",\"dateModified\":\"2020-11-10T17:27:10+00:00\",\"description\":\"Voc\u00ea tem mais de 40 anos? Problemas para focar? Conhe\u00e7a lente de contato Biofinity Multifocal, multifocais de qualidade superior.\",\"breadcrumb\":{\"@id\":\"https:\/\/multi.pixelspace.com.br\/modelo\/product\/biofinity-multifocal\/#breadcrumb\"},\"inLanguage\":\"pt-BR\",\"potentialAction\":[{\"@type\":\"ReadAction\",\"target\":[\"https:\/\/multi.pixelspace.com.br\/modelo\/product\/biofinity-multifocal\/\"]}]},{\"@type\":\"ImageObject\",\"inLanguage\":\"pt-BR\",\"@id\":\"https:\/\/multi.pixelspace.com.br\/modelo\/product\/biofinity-multifocal\/#primaryimage\",\"url\":\"https:\/\/multi.pixelspace.com.br\/modelo\/wp-content\/uploads\/sites\/25\/2020\/08\/coopervision-biofinity-multifocal-lente-de-contato_copiar_1140x.jpg\",\"contentUrl\":\"https:\/\/multi.pixelspace.com.br\/modelo\/wp-content\/uploads\/sites\/25\/2020\/08\/coopervision-biofinity-multifocal-lente-de-contato_copiar_1140x.jpg\",\"width\":1140,\"height\":787,\"caption\":\"biofinity multifocal, lente de contato\"},{\"@type\":\"BreadcrumbList\",\"@id\":\"https:\/\/multi.pixelspace.com.br\/modelo\/product\/biofinity-multifocal\/#breadcrumb\",\"itemListElement\":[{\"@type\":\"ListItem\",\"position\":1,\"name\":\"Home\",\"item\":\"https:\/\/multi.pixelspace.com.br\/modelo\/\"},{\"@type\":\"ListItem\",\"position\":2,\"name\":\"Shop\",\"item\":\"https:\/\/multi.pixelspace.com.br\/modelo\/\"},{\"@type\":\"ListItem\",\"position\":3,\"name\":\"Biofinity Multifocal\"}]},{\"@type\":\"WebSite\",\"@id\":\"https:\/\/multi.pixelspace.com.br\/modelo\/#website\",\"url\":\"https:\/\/multi.pixelspace.com.br\/modelo\/\",\"name\":\"Modelo Loja\",\"description\":\"Lentes de Contato para voc\u00ea\",\"potentialAction\":[{\"@type\":\"SearchAction\",\"target\":{\"@type\":\"EntryPoint\",\"urlTemplate\":\"https:\/\/multi.pixelspace.com.br\/modelo\/?s={search_term_string}\"},\"query-input\":\"required name=search_term_string\"}],\"inLanguage\":\"pt-BR\"}]}<\/script>\n<!-- \/ Yoast SEO plugin. -->","yoast_head_json":{"title":"Biofinity Multifocal - Lentes de Contato para voc\u00ea - Multilentes","description":"Voc\u00ea tem mais de 40 anos? Problemas para focar? Conhe\u00e7a lente de contato Biofinity Multifocal, multifocais de qualidade superior.","robots":{"index":"index","follow":"follow","max-snippet":"max-snippet:-1","max-image-preview":"max-image-preview:large","max-video-preview":"max-video-preview:-1"},"canonical":"https:\/\/multi.pixelspace.com.br\/modelo\/product\/biofinity-multifocal\/","og_locale":"pt_BR","og_type":"article","og_title":"Biofinity Multifocal - Lentes de Contato para voc\u00ea - Multilentes","og_description":"Voc\u00ea tem mais de 40 anos? Problemas para focar? Conhe\u00e7a lente de contato Biofinity Multifocal, multifocais de qualidade superior.","og_url":"https:\/\/multi.pixelspace.com.br\/modelo\/product\/biofinity-multifocal\/","og_site_name":"Modelo Loja","article_modified_time":"2020-11-10T17:27:10+00:00","og_image":[{"width":1140,"height":787,"url":"https:\/\/multi.pixelspace.com.br\/modelo\/wp-content\/uploads\/sites\/25\/2020\/08\/coopervision-biofinity-multifocal-lente-de-contato_copiar_1140x.jpg","type":"image\/jpeg"}],"twitter_card":"summary_large_image","twitter_misc":{"Est. tempo de leitura":"3 minutos"},"schema":{"@context":"https:\/\/schema.org","@graph":[{"@type":"WebPage","@id":"https:\/\/multi.pixelspace.com.br\/modelo\/product\/biofinity-multifocal\/","url":"https:\/\/multi.pixelspace.com.br\/modelo\/product\/biofinity-multifocal\/","name":"Biofinity Multifocal - Lentes de Contato para voc\u00ea - Multilentes","isPartOf":{"@id":"https:\/\/multi.pixelspace.com.br\/modelo\/#website"},"primaryImageOfPage":{"@id":"https:\/\/multi.pixelspace.com.br\/modelo\/product\/biofinity-multifocal\/#primaryimage"},"image":{"@id":"https:\/\/multi.pixelspace.com.br\/modelo\/product\/biofinity-multifocal\/#primaryimage"},"thumbnailUrl":"https:\/\/multi.pixelspace.com.br\/modelo\/wp-content\/uploads\/sites\/25\/2020\/08\/coopervision-biofinity-multifocal-lente-de-contato_copiar_1140x.jpg","datePublished":"2020-08-23T15:12:25+00:00","dateModified":"2020-11-10T17:27:10+00:00","description":"Voc\u00ea tem mais de 40 anos? Problemas para focar? Conhe\u00e7a lente de contato Biofinity Multifocal, multifocais de qualidade superior.","breadcrumb":{"@id":"https:\/\/multi.pixelspace.com.br\/modelo\/product\/biofinity-multifocal\/#breadcrumb"},"inLanguage":"pt-BR","potentialAction":[{"@type":"ReadAction","target":["https:\/\/multi.pixelspace.com.br\/modelo\/product\/biofinity-multifocal\/"]}]},{"@type":"ImageObject","inLanguage":"pt-BR","@id":"https:\/\/multi.pixelspace.com.br\/modelo\/product\/biofinity-multifocal\/#primaryimage","url":"https:\/\/multi.pixelspace.com.br\/modelo\/wp-content\/uploads\/sites\/25\/2020\/08\/coopervision-biofinity-multifocal-lente-de-contato_copiar_1140x.jpg","contentUrl":"https:\/\/multi.pixelspace.com.br\/modelo\/wp-content\/uploads\/sites\/25\/2020\/08\/coopervision-biofinity-multifocal-lente-de-contato_copiar_1140x.jpg","width":1140,"height":787,"caption":"biofinity multifocal, lente de contato"},{"@type":"BreadcrumbList","@id":"https:\/\/multi.pixelspace.com.br\/modelo\/product\/biofinity-multifocal\/#breadcrumb","itemListElement":[{"@type":"ListItem","position":1,"name":"Home","item":"https:\/\/multi.pixelspace.com.br\/modelo\/"},{"@type":"ListItem","position":2,"name":"Shop","item":"https:\/\/multi.pixelspace.com.br\/modelo\/"},{"@type":"ListItem","position":3,"name":"Biofinity Multifocal"}]},{"@type":"WebSite","@id":"https:\/\/multi.pixelspace.com.br\/modelo\/#website","url":"https:\/\/multi.pixelspace.com.br\/modelo\/","name":"Modelo Loja","description":"Lentes de Contato para voc\u00ea","potentialAction":[{"@type":"SearchAction","target":{"@type":"EntryPoint","urlTemplate":"https:\/\/multi.pixelspace.com.br\/modelo\/?s={search_term_string}"},"query-input":"required name=search_term_string"}],"inLanguage":"pt-BR"}]}},"_links":{"self":[{"href":"https:\/\/multi.pixelspace.com.br\/modelo\/wp-json\/wp\/v2\/product\/300","targetHints":{"allow":["GET"]}}],"collection":[{"href":"https:\/\/multi.pixelspace.com.br\/modelo\/wp-json\/wp\/v2\/product"}],"about":[{"href":"https:\/\/multi.pixelspace.com.br\/modelo\/wp-json\/wp\/v2\/types\/product"}],"replies":[{"embeddable":true,"href":"https:\/\/multi.pixelspace.com.br\/modelo\/wp-json\/wp\/v2\/comments?post=300"}],"wp:featuredmedia":[{"embeddable":true,"href":"https:\/\/multi.pixelspace.com.br\/modelo\/wp-json\/wp\/v2\/media\/301"}],"wp:attachment":[{"href":"https:\/\/multi.pixelspace.com.br\/modelo\/wp-json\/wp\/v2\/media?parent=300"}],"wp:term":[{"taxonomy":"product_cat","embeddable":true,"href":"https:\/\/multi.pixelspace.com.br\/modelo\/wp-json\/wp\/v2\/product_cat?post=300"},{"taxonomy":"product_tag","embeddable":true,"href":"https:\/\/multi.pixelspace.com.br\/modelo\/wp-json\/wp\/v2\/product_tag?post=300"}],"curies":[{"name":"wp","href":"https:\/\/api.w.org\/{rel}","templated":true}]}}