{"id":298,"date":"2020-08-23T15:10:39","date_gmt":"2020-08-23T15:10:39","guid":{"rendered":"https:\/\/multi.pixelspace.com.br\/multilentes\/?post_type=product&#038;p=298"},"modified":"2024-07-01T19:31:30","modified_gmt":"2024-07-01T19:31:30","slug":"clariti-one-day","status":"publish","type":"product","link":"https:\/\/multi.pixelspace.com.br\/modelo\/product\/clariti-one-day\/","title":{"rendered":"Clariti 1 Day"},"content":{"rendered":"<h1>Clariti 1 Day<\/h1>\n<p>Experimente um novo estilo de vida.<\/p>\n<p>Fabricadas com silicone hidrogel, o material de lentes de contato mais avan\u00e7ado atualmente, as lentes de contato Clariti 1 day deixam seus olhos respirarem melhor fazendo os assim mais saud\u00e1veis e aumentando o seu conforto durante todo o dia.<\/p>\n<p>O descarte di\u00e1rio possibilita um menor ac\u00famulo de dep\u00f3sitos(res\u00edduos, impurezas) na superf\u00edcie das lentes de contato e oferece mais praticidade, evitando preocupa\u00e7\u00f5es com solu\u00e7\u00f5es de limpeza e estojos para lentes.<\/p>\n<h2>Indica\u00e7\u00e3o<\/h2>\n<p>Quer ter uma experi\u00eancia melhor e mais saud\u00e1vel no uso de lentes de contato, com a conveni\u00eancia de ter uma lente nova todo dia? Ent\u00e3o converse com o seu especialista sobre Clariti 1 day.<\/p>\n<p>Uma vida atribulada exige muito dos seus olhos todos os dias. Por isso, \u00e9 importante encontrar uma lente de contato que acompanhe seu estilo de vida e ao mesmo tempo ofere\u00e7a mais conforto, liberdade e praticidade, seja qual for seu problema de vis\u00e3o.<\/p>\n<h2>Os Benef\u00edcios da Clariti 1 Day<\/h2>\n<p>\u00c9 f\u00e1cil perceber, \u00e0 primeira vista, como as lentes de contato Clariti podem mudar sua vida:<\/p>\n<ul>\n<li>Sua c\u00f3rnea respira melhor \u2013 Clariti transmite mais do que a quantidade de oxig\u00eanio recomendada para manter os olhos saud\u00e1veis.<\/li>\n<li>Conforto em que voc\u00ea pode confiar \u2013 A exclusiva tecnologia WetLoc\u2122 mant\u00e9m as lentes mais hidratadas, proporcionando conforto ideal durante todo o dia.<\/li>\n<li>Corrige praticamente todos os problemas de vis\u00e3o \u2013 Miopia, hipermetropia, astigmatismo e presbiopia (vista cansada).<\/li>\n<li>Excelente rela\u00e7\u00e3o custo-benef\u00edcio \u2013 Os benef\u00edcios do silicone hidrogel ao seu alcance.<\/li>\n<li>Tudo novo de novo. Todos os dias.<\/li>\n<\/ul>\n<h2>Tecnologia Inovadora<\/h2>\n<p>As lentes de contato Clariti 1 day permitem a passagem de 3 vezes mais oxig\u00eanio do que as lentes de contato de hidrogel.<\/p>\n<p>A exclusiva tecnologia WetLoc\u2122 oferece uma hidrata\u00e7\u00e3o homogeneamente distribu\u00edda por toda a lente, aumentando a sensa\u00e7\u00e3o de conforto e frescor.<\/p>\n<ul>\n<li>Lentes de contato de descarte di\u00e1rio em silicone hidrogel, naturalmente perme\u00e1veis ao oxig\u00eanio, para olhos mais saud\u00e1veis;<\/li>\n<li>Alto conte\u00fado de \u00e1gua, proporcionando conforto ideal durante todo o dia;<\/li>\n<li>Corrigem praticamente qualquer problema de vis\u00e3o, como miopia, hipermetropia, astigmatismo e presbiopia (vista cansada);<\/li>\n<li>Prote\u00e7\u00e3o UVA e UVB*;<\/li>\n<li>Excelente rela\u00e7\u00e3o custo-benef\u00edcio.<\/li>\n<\/ul>\n<p>Mais especifica\u00e7\u00f5es t\u00e9cnicas: <a href=\"https:\/\/coopervision.com.br\/contact-lenses\/clariti-1-day\/clariti-1-day\" target=\"_blank\" rel=\"noopener noreferrer\">CooperVision<\/a><\/p>\n","protected":false},"excerpt":{"rendered":"<h1>Clariti 1 Day<\/h1>\n<p>Experimente um novo estilo de vida.<\/p>\n","protected":false},"featured_media":299,"comment_status":"open","ping_status":"closed","template":"","meta":{"_et_pb_use_builder":"","_et_pb_old_content":"","_et_gb_content_width":"","_joinchat":[]},"product_cat":[18],"product_tag":[],"class_list":{"0":"post-298","1":"product","2":"type-product","3":"status-publish","4":"has-post-thumbnail","6":"product_cat-lentes-de-contato","8":"first","9":"instock","10":"sale","11":"featured","12":"shipping-taxable","13":"purchasable","14":"product-type-simple"},"yoast_head":"<!-- This site is optimized with the Yoast SEO plugin v22.7 - https:\/\/yoast.com\/wordpress\/plugins\/seo\/ -->\n<title>Clariti 1 Day - Lentes de Contato para voc\u00ea - Multilentes<\/title>\n<meta name=\"description\" content=\"As lentes de contato Clariti 1 day usam o material mais avan\u00e7ado atualmente. Experimente um novo estilo de vida!\" \/>\n<meta name=\"robots\" content=\"index, follow, max-snippet:-1, max-image-preview:large, max-video-preview:-1\" \/>\n<link rel=\"canonical\" href=\"https:\/\/multi.pixelspace.com.br\/modelo\/product\/clariti-one-day\/\" \/>\n<meta property=\"og:locale\" content=\"pt_BR\" \/>\n<meta property=\"og:type\" content=\"article\" \/>\n<meta property=\"og:title\" content=\"Clariti 1 Day - Lentes de Contato para voc\u00ea - Multilentes\" \/>\n<meta property=\"og:description\" content=\"As lentes de contato Clariti 1 day usam o material mais avan\u00e7ado atualmente. Experimente um novo estilo de vida!\" \/>\n<meta property=\"og:url\" content=\"https:\/\/multi.pixelspace.com.br\/modelo\/product\/clariti-one-day\/\" \/>\n<meta property=\"og:site_name\" content=\"Modelo Loja\" \/>\n<meta property=\"article:modified_time\" content=\"2024-07-01T19:31:30+00:00\" \/>\n<meta property=\"og:image\" content=\"https:\/\/multi.pixelspace.com.br\/modelo\/wp-content\/uploads\/sites\/25\/2020\/08\/clariti-1-day-2-lensoreu.png\" \/>\n\t<meta property=\"og:image:width\" content=\"1034\" \/>\n\t<meta property=\"og:image:height\" content=\"646\" \/>\n\t<meta property=\"og:image:type\" content=\"image\/png\" \/>\n<meta name=\"twitter:card\" content=\"summary_large_image\" \/>\n<meta name=\"twitter:label1\" content=\"Est. tempo de leitura\" \/>\n\t<meta name=\"twitter:data1\" content=\"2 minutos\" \/>\n<script type=\"application\/ld+json\" class=\"yoast-schema-graph\">{\"@context\":\"https:\/\/schema.org\",\"@graph\":[{\"@type\":\"WebPage\",\"@id\":\"https:\/\/multi.pixelspace.com.br\/modelo\/product\/clariti-one-day\/\",\"url\":\"https:\/\/multi.pixelspace.com.br\/modelo\/product\/clariti-one-day\/\",\"name\":\"Clariti 1 Day - Lentes de Contato para voc\u00ea - Multilentes\",\"isPartOf\":{\"@id\":\"https:\/\/multi.pixelspace.com.br\/modelo\/#website\"},\"primaryImageOfPage\":{\"@id\":\"https:\/\/multi.pixelspace.com.br\/modelo\/product\/clariti-one-day\/#primaryimage\"},\"image\":{\"@id\":\"https:\/\/multi.pixelspace.com.br\/modelo\/product\/clariti-one-day\/#primaryimage\"},\"thumbnailUrl\":\"https:\/\/multi.pixelspace.com.br\/modelo\/wp-content\/uploads\/sites\/25\/2020\/08\/clariti-1-day-2-lensoreu.png\",\"datePublished\":\"2020-08-23T15:10:39+00:00\",\"dateModified\":\"2024-07-01T19:31:30+00:00\",\"description\":\"As lentes de contato Clariti 1 day usam o material mais avan\u00e7ado atualmente. Experimente um novo estilo de vida!\",\"breadcrumb\":{\"@id\":\"https:\/\/multi.pixelspace.com.br\/modelo\/product\/clariti-one-day\/#breadcrumb\"},\"inLanguage\":\"pt-BR\",\"potentialAction\":[{\"@type\":\"ReadAction\",\"target\":[\"https:\/\/multi.pixelspace.com.br\/modelo\/product\/clariti-one-day\/\"]}]},{\"@type\":\"ImageObject\",\"inLanguage\":\"pt-BR\",\"@id\":\"https:\/\/multi.pixelspace.com.br\/modelo\/product\/clariti-one-day\/#primaryimage\",\"url\":\"https:\/\/multi.pixelspace.com.br\/modelo\/wp-content\/uploads\/sites\/25\/2020\/08\/clariti-1-day-2-lensoreu.png\",\"contentUrl\":\"https:\/\/multi.pixelspace.com.br\/modelo\/wp-content\/uploads\/sites\/25\/2020\/08\/clariti-1-day-2-lensoreu.png\",\"width\":1034,\"height\":646,\"caption\":\"clariti-1-day, lente de contato\"},{\"@type\":\"BreadcrumbList\",\"@id\":\"https:\/\/multi.pixelspace.com.br\/modelo\/product\/clariti-one-day\/#breadcrumb\",\"itemListElement\":[{\"@type\":\"ListItem\",\"position\":1,\"name\":\"Home\",\"item\":\"https:\/\/multi.pixelspace.com.br\/modelo\/\"},{\"@type\":\"ListItem\",\"position\":2,\"name\":\"Shop\",\"item\":\"https:\/\/multi.pixelspace.com.br\/modelo\/\"},{\"@type\":\"ListItem\",\"position\":3,\"name\":\"Clariti 1 Day\"}]},{\"@type\":\"WebSite\",\"@id\":\"https:\/\/multi.pixelspace.com.br\/modelo\/#website\",\"url\":\"https:\/\/multi.pixelspace.com.br\/modelo\/\",\"name\":\"Modelo Loja\",\"description\":\"Lentes de Contato para voc\u00ea\",\"potentialAction\":[{\"@type\":\"SearchAction\",\"target\":{\"@type\":\"EntryPoint\",\"urlTemplate\":\"https:\/\/multi.pixelspace.com.br\/modelo\/?s={search_term_string}\"},\"query-input\":\"required name=search_term_string\"}],\"inLanguage\":\"pt-BR\"}]}<\/script>\n<!-- \/ Yoast SEO plugin. -->","yoast_head_json":{"title":"Clariti 1 Day - Lentes de Contato para voc\u00ea - Multilentes","description":"As lentes de contato Clariti 1 day usam o material mais avan\u00e7ado atualmente. Experimente um novo estilo de vida!","robots":{"index":"index","follow":"follow","max-snippet":"max-snippet:-1","max-image-preview":"max-image-preview:large","max-video-preview":"max-video-preview:-1"},"canonical":"https:\/\/multi.pixelspace.com.br\/modelo\/product\/clariti-one-day\/","og_locale":"pt_BR","og_type":"article","og_title":"Clariti 1 Day - Lentes de Contato para voc\u00ea - Multilentes","og_description":"As lentes de contato Clariti 1 day usam o material mais avan\u00e7ado atualmente. Experimente um novo estilo de vida!","og_url":"https:\/\/multi.pixelspace.com.br\/modelo\/product\/clariti-one-day\/","og_site_name":"Modelo Loja","article_modified_time":"2024-07-01T19:31:30+00:00","og_image":[{"width":1034,"height":646,"url":"https:\/\/multi.pixelspace.com.br\/modelo\/wp-content\/uploads\/sites\/25\/2020\/08\/clariti-1-day-2-lensoreu.png","type":"image\/png"}],"twitter_card":"summary_large_image","twitter_misc":{"Est. tempo de leitura":"2 minutos"},"schema":{"@context":"https:\/\/schema.org","@graph":[{"@type":"WebPage","@id":"https:\/\/multi.pixelspace.com.br\/modelo\/product\/clariti-one-day\/","url":"https:\/\/multi.pixelspace.com.br\/modelo\/product\/clariti-one-day\/","name":"Clariti 1 Day - Lentes de Contato para voc\u00ea - Multilentes","isPartOf":{"@id":"https:\/\/multi.pixelspace.com.br\/modelo\/#website"},"primaryImageOfPage":{"@id":"https:\/\/multi.pixelspace.com.br\/modelo\/product\/clariti-one-day\/#primaryimage"},"image":{"@id":"https:\/\/multi.pixelspace.com.br\/modelo\/product\/clariti-one-day\/#primaryimage"},"thumbnailUrl":"https:\/\/multi.pixelspace.com.br\/modelo\/wp-content\/uploads\/sites\/25\/2020\/08\/clariti-1-day-2-lensoreu.png","datePublished":"2020-08-23T15:10:39+00:00","dateModified":"2024-07-01T19:31:30+00:00","description":"As lentes de contato Clariti 1 day usam o material mais avan\u00e7ado atualmente. Experimente um novo estilo de vida!","breadcrumb":{"@id":"https:\/\/multi.pixelspace.com.br\/modelo\/product\/clariti-one-day\/#breadcrumb"},"inLanguage":"pt-BR","potentialAction":[{"@type":"ReadAction","target":["https:\/\/multi.pixelspace.com.br\/modelo\/product\/clariti-one-day\/"]}]},{"@type":"ImageObject","inLanguage":"pt-BR","@id":"https:\/\/multi.pixelspace.com.br\/modelo\/product\/clariti-one-day\/#primaryimage","url":"https:\/\/multi.pixelspace.com.br\/modelo\/wp-content\/uploads\/sites\/25\/2020\/08\/clariti-1-day-2-lensoreu.png","contentUrl":"https:\/\/multi.pixelspace.com.br\/modelo\/wp-content\/uploads\/sites\/25\/2020\/08\/clariti-1-day-2-lensoreu.png","width":1034,"height":646,"caption":"clariti-1-day, lente de contato"},{"@type":"BreadcrumbList","@id":"https:\/\/multi.pixelspace.com.br\/modelo\/product\/clariti-one-day\/#breadcrumb","itemListElement":[{"@type":"ListItem","position":1,"name":"Home","item":"https:\/\/multi.pixelspace.com.br\/modelo\/"},{"@type":"ListItem","position":2,"name":"Shop","item":"https:\/\/multi.pixelspace.com.br\/modelo\/"},{"@type":"ListItem","position":3,"name":"Clariti 1 Day"}]},{"@type":"WebSite","@id":"https:\/\/multi.pixelspace.com.br\/modelo\/#website","url":"https:\/\/multi.pixelspace.com.br\/modelo\/","name":"Modelo Loja","description":"Lentes de Contato para voc\u00ea","potentialAction":[{"@type":"SearchAction","target":{"@type":"EntryPoint","urlTemplate":"https:\/\/multi.pixelspace.com.br\/modelo\/?s={search_term_string}"},"query-input":"required name=search_term_string"}],"inLanguage":"pt-BR"}]}},"_links":{"self":[{"href":"https:\/\/multi.pixelspace.com.br\/modelo\/wp-json\/wp\/v2\/product\/298","targetHints":{"allow":["GET"]}}],"collection":[{"href":"https:\/\/multi.pixelspace.com.br\/modelo\/wp-json\/wp\/v2\/product"}],"about":[{"href":"https:\/\/multi.pixelspace.com.br\/modelo\/wp-json\/wp\/v2\/types\/product"}],"replies":[{"embeddable":true,"href":"https:\/\/multi.pixelspace.com.br\/modelo\/wp-json\/wp\/v2\/comments?post=298"}],"wp:featuredmedia":[{"embeddable":true,"href":"https:\/\/multi.pixelspace.com.br\/modelo\/wp-json\/wp\/v2\/media\/299"}],"wp:attachment":[{"href":"https:\/\/multi.pixelspace.com.br\/modelo\/wp-json\/wp\/v2\/media?parent=298"}],"wp:term":[{"taxonomy":"product_cat","embeddable":true,"href":"https:\/\/multi.pixelspace.com.br\/modelo\/wp-json\/wp\/v2\/product_cat?post=298"},{"taxonomy":"product_tag","embeddable":true,"href":"https:\/\/multi.pixelspace.com.br\/modelo\/wp-json\/wp\/v2\/product_tag?post=298"}],"curies":[{"name":"wp","href":"https:\/\/api.w.org\/{rel}","templated":true}]}}