{"id":296,"date":"2020-08-23T15:06:56","date_gmt":"2020-08-23T15:06:56","guid":{"rendered":"https:\/\/multi.pixelspace.com.br\/multilentes\/?post_type=product&#038;p=296"},"modified":"2024-03-23T13:09:56","modified_gmt":"2024-03-23T13:09:56","slug":"proclear","status":"publish","type":"product","link":"https:\/\/multi.pixelspace.com.br\/modelo\/product\/proclear\/","title":{"rendered":"Proclear"},"content":{"rendered":"<h1>Proclear<\/h1>\n<p>Lentes de contato de hidrogel diferenciadas, para graus altos e\/ou olhos secos.<\/p>\n<h2>Caracter\u00edsticas da Lente Proclear<\/h2>\n<ul>\n<li>Programa de substitui\u00e7\u00e3o mensal;<\/li>\n<li>Desfrute de 12 horas ou mais de 96% de hidrata\u00e7\u00e3o;<\/li>\n<li>Dispon\u00edvel para miopia e hipermetropia de at\u00e9 -20 a +20;<\/li>\n<li>Excelente op\u00e7\u00e3o para quem tem olho seco.<\/li>\n<\/ul>\n<h2>Conforto<\/h2>\n<p>Quando se trata de corrigir a vis\u00e3o desfocada de longe ou de perto, todas as lentes de contato s\u00e3o iguais, certo? N\u00e3o \u00e9 bem assim!<\/p>\n<p>Ao contr\u00e1rio de algumas lentes que podem deixar os seus olhos secos e com coceiras depois de t\u00ea-las usado durante algum tempo, as lentes de contato Proclear da CooperVision mantem-se \u00famidas e confort\u00e1veis durante todo o dia.<\/p>\n<h2>Tecnologia da Proclear<\/h2>\n<p>Gra\u00e7as \u00e0 PC Technology\u2122, as mol\u00e9culas de \u00e1gua tornam-se efetivamente parte da lente de contato Proclear, criando uma resist\u00eancia natural \u00e0 ressecamento.<\/p>\n<p>De fato, as lentes de contato Proclear s\u00e3o as \u00fanicas lentes de contato aprovadas pelo FDA dos EUA para a declara\u00e7\u00e3o: &#8220;podem melhorar o conforto dos usu\u00e1rios de lentes de contato que sintam um ligeiro desconforto ou sintomas relacionados com a ressecamento durante o uso das lentes.&#8221;<\/p>\n<p>Desfrute de conforto todo o dia durante todo m\u00eas.<\/p>\n<h2>Informa\u00e7\u00f5es Do Fabricante<\/h2>\n<p>Imagine se voc\u00ea pudesse usar lentes que ficassem t\u00e3o confort\u00e1veis e hidratadas durante todo o dia como se estivesse acabado que coloc\u00e1-las. Com Proclear Sphere, voc\u00ea pode! \u00c9 a escolha perfeita para aqueles que procuram maior comodidade e uma destacada precis\u00e3o visual, especialmente se voc\u00ea faz parte dos 50% dos usu\u00e1rios, que sofrem incomodo ou ressecamento visual, ou se voc\u00ea fica muito tempo em frente ao computador ou num ambiente com ar condicionado.<\/p>\n<p>Proclear Sphere oferece um incompar\u00e1vel n\u00edvel de comodidade por tamb\u00e9m utilizar em sua fabrica\u00e7\u00e3o um material que cont\u00e9m mol\u00e9culas de PhosphorilColina (PC), que atraem a \u00e1gua; mantendo a lente hidratada e confort\u00e1vel durante todo o per\u00edodo de uso.<\/p>\n<p>Dispon\u00edvel nos graus esf\u00e9ricos: de +0.25 \u00e0 +6.00 (escala de 0.25) de -0.25 \u00e0 -6.00 (escala de 0.25) de +6.50 \u00e0 +20.00 (escala de 0.50) de -6.50 \u00e0 -20.00 (escala de 0.50).<\/p>\n<p>Descarte mensal com regime de uso di\u00e1rio (sem dormir com as lentes).<\/p>\n<h2>Desempenho que s\u00f3 a Proclear te d\u00e1<\/h2>\n<p>O design da lente proporciona uma superf\u00edcie mais constante sobre a c\u00f3rnea possibilitando uma cobertura regular E AJUDANDO A focalizar os raios de luz na retina.<\/p>\n<h2>Lentes Ideais<\/h2>\n<p>As lentes de contato Proclear Sphere s\u00e3o fabricadas com um material que cont\u00e9m mol\u00e9culas PhosphorilColina (PC), que atraem mol\u00e9culas de \u00e1gua e mant\u00e9m as lentes hidratadas e cria uma barreira que minimiza a incid\u00eancia de dep\u00f3sitos. As lentes Proclear s\u00e3o indicadas para usu\u00e1rios com sintomas de ressecamento ocular aprovadas pelo FDA americano (Food and Drug Administration).<\/p>\n<h2>Indica\u00e7\u00e3o<\/h2>\n<p>Indicadas para corre\u00e7\u00e3o de miopia e hipermetropia, o seu descarte deve ser feito ap\u00f3s 30 dias de uso di\u00e1rio (retirando as lentes todas as noites). Esta lente n\u00e3o \u00e9 indicada para regime de uso prolongado.<\/p>\n<p>Mais informa\u00e7\u00f5es sobre o produto: <a href=\"https:\/\/coopervision.com.br\/lentes-de-contacto\/lentes-gelatinosas-proclear-sphere\" target=\"_blank\" rel=\"noopener noreferrer\">CooperVision<\/a><\/p>\n","protected":false},"excerpt":{"rendered":"<h1>Proclear<\/h1>\n<p>Lentes de contato de hidrogel diferenciadas, para graus altos e\/ou olhos secos.<\/p>\n","protected":false},"featured_media":297,"comment_status":"open","ping_status":"closed","template":"","meta":{"_et_pb_use_builder":"","_et_pb_old_content":"","_et_gb_content_width":"","_joinchat":[]},"product_cat":[18],"product_tag":[],"class_list":{"0":"post-296","1":"product","2":"type-product","3":"status-publish","4":"has-post-thumbnail","6":"product_cat-lentes-de-contato","8":"first","9":"instock","10":"sale","11":"featured","12":"shipping-taxable","13":"purchasable","14":"product-type-simple"},"yoast_head":"<!-- This site is optimized with the Yoast SEO plugin v22.7 - https:\/\/yoast.com\/wordpress\/plugins\/seo\/ -->\n<title>Proclear - Lende de Contato para voc\u00ea - Multilentes<\/title>\n<meta name=\"description\" content=\"Procurando por condorto? As lentes de contato Proclear, feitas de hidrogel, s\u00e3o \u00f3timas para graus altos e\/ou olhos secos.\" \/>\n<meta name=\"robots\" content=\"index, follow, max-snippet:-1, max-image-preview:large, max-video-preview:-1\" \/>\n<link rel=\"canonical\" href=\"https:\/\/multi.pixelspace.com.br\/modelo\/product\/proclear\/\" \/>\n<meta property=\"og:locale\" content=\"pt_BR\" \/>\n<meta property=\"og:type\" content=\"article\" \/>\n<meta property=\"og:title\" content=\"Proclear - Lende de Contato para voc\u00ea - Multilentes\" \/>\n<meta property=\"og:description\" content=\"Procurando por condorto? As lentes de contato Proclear, feitas de hidrogel, s\u00e3o \u00f3timas para graus altos e\/ou olhos secos.\" \/>\n<meta property=\"og:url\" content=\"https:\/\/multi.pixelspace.com.br\/modelo\/product\/proclear\/\" \/>\n<meta property=\"og:site_name\" content=\"Modelo Loja\" \/>\n<meta property=\"article:modified_time\" content=\"2024-03-23T13:09:56+00:00\" \/>\n<meta property=\"og:image\" content=\"https:\/\/multi.pixelspace.com.br\/modelo\/wp-content\/uploads\/sites\/25\/2020\/08\/coopervision-biofinity-lente-de-contato_1_1_1_copiar_1140x.jpg\" \/>\n\t<meta property=\"og:image:width\" content=\"1140\" \/>\n\t<meta property=\"og:image:height\" content=\"787\" \/>\n\t<meta property=\"og:image:type\" content=\"image\/jpeg\" \/>\n<meta name=\"twitter:card\" content=\"summary_large_image\" \/>\n<meta name=\"twitter:label1\" content=\"Est. tempo de leitura\" \/>\n\t<meta name=\"twitter:data1\" content=\"3 minutos\" \/>\n<script type=\"application\/ld+json\" class=\"yoast-schema-graph\">{\"@context\":\"https:\/\/schema.org\",\"@graph\":[{\"@type\":\"WebPage\",\"@id\":\"https:\/\/multi.pixelspace.com.br\/modelo\/product\/proclear\/\",\"url\":\"https:\/\/multi.pixelspace.com.br\/modelo\/product\/proclear\/\",\"name\":\"Proclear - Lende de Contato para voc\u00ea - Multilentes\",\"isPartOf\":{\"@id\":\"https:\/\/multi.pixelspace.com.br\/modelo\/#website\"},\"primaryImageOfPage\":{\"@id\":\"https:\/\/multi.pixelspace.com.br\/modelo\/product\/proclear\/#primaryimage\"},\"image\":{\"@id\":\"https:\/\/multi.pixelspace.com.br\/modelo\/product\/proclear\/#primaryimage\"},\"thumbnailUrl\":\"https:\/\/multi.pixelspace.com.br\/modelo\/wp-content\/uploads\/sites\/25\/2020\/08\/coopervision-biofinity-lente-de-contato_1_1_1_copiar_1140x.jpg\",\"datePublished\":\"2020-08-23T15:06:56+00:00\",\"dateModified\":\"2024-03-23T13:09:56+00:00\",\"description\":\"Procurando por condorto? As lentes de contato Proclear, feitas de hidrogel, s\u00e3o \u00f3timas para graus altos e\/ou olhos secos.\",\"breadcrumb\":{\"@id\":\"https:\/\/multi.pixelspace.com.br\/modelo\/product\/proclear\/#breadcrumb\"},\"inLanguage\":\"pt-BR\",\"potentialAction\":[{\"@type\":\"ReadAction\",\"target\":[\"https:\/\/multi.pixelspace.com.br\/modelo\/product\/proclear\/\"]}]},{\"@type\":\"ImageObject\",\"inLanguage\":\"pt-BR\",\"@id\":\"https:\/\/multi.pixelspace.com.br\/modelo\/product\/proclear\/#primaryimage\",\"url\":\"https:\/\/multi.pixelspace.com.br\/modelo\/wp-content\/uploads\/sites\/25\/2020\/08\/coopervision-biofinity-lente-de-contato_1_1_1_copiar_1140x.jpg\",\"contentUrl\":\"https:\/\/multi.pixelspace.com.br\/modelo\/wp-content\/uploads\/sites\/25\/2020\/08\/coopervision-biofinity-lente-de-contato_1_1_1_copiar_1140x.jpg\",\"width\":1140,\"height\":787,\"caption\":\"proclear, lente de contato\"},{\"@type\":\"BreadcrumbList\",\"@id\":\"https:\/\/multi.pixelspace.com.br\/modelo\/product\/proclear\/#breadcrumb\",\"itemListElement\":[{\"@type\":\"ListItem\",\"position\":1,\"name\":\"Home\",\"item\":\"https:\/\/multi.pixelspace.com.br\/modelo\/\"},{\"@type\":\"ListItem\",\"position\":2,\"name\":\"Shop\",\"item\":\"https:\/\/multi.pixelspace.com.br\/modelo\/\"},{\"@type\":\"ListItem\",\"position\":3,\"name\":\"Proclear\"}]},{\"@type\":\"WebSite\",\"@id\":\"https:\/\/multi.pixelspace.com.br\/modelo\/#website\",\"url\":\"https:\/\/multi.pixelspace.com.br\/modelo\/\",\"name\":\"Modelo Loja\",\"description\":\"Lentes de Contato para voc\u00ea\",\"potentialAction\":[{\"@type\":\"SearchAction\",\"target\":{\"@type\":\"EntryPoint\",\"urlTemplate\":\"https:\/\/multi.pixelspace.com.br\/modelo\/?s={search_term_string}\"},\"query-input\":\"required name=search_term_string\"}],\"inLanguage\":\"pt-BR\"}]}<\/script>\n<!-- \/ Yoast SEO plugin. -->","yoast_head_json":{"title":"Proclear - Lende de Contato para voc\u00ea - Multilentes","description":"Procurando por condorto? As lentes de contato Proclear, feitas de hidrogel, s\u00e3o \u00f3timas para graus altos e\/ou olhos secos.","robots":{"index":"index","follow":"follow","max-snippet":"max-snippet:-1","max-image-preview":"max-image-preview:large","max-video-preview":"max-video-preview:-1"},"canonical":"https:\/\/multi.pixelspace.com.br\/modelo\/product\/proclear\/","og_locale":"pt_BR","og_type":"article","og_title":"Proclear - Lende de Contato para voc\u00ea - Multilentes","og_description":"Procurando por condorto? As lentes de contato Proclear, feitas de hidrogel, s\u00e3o \u00f3timas para graus altos e\/ou olhos secos.","og_url":"https:\/\/multi.pixelspace.com.br\/modelo\/product\/proclear\/","og_site_name":"Modelo Loja","article_modified_time":"2024-03-23T13:09:56+00:00","og_image":[{"width":1140,"height":787,"url":"https:\/\/multi.pixelspace.com.br\/modelo\/wp-content\/uploads\/sites\/25\/2020\/08\/coopervision-biofinity-lente-de-contato_1_1_1_copiar_1140x.jpg","type":"image\/jpeg"}],"twitter_card":"summary_large_image","twitter_misc":{"Est. tempo de leitura":"3 minutos"},"schema":{"@context":"https:\/\/schema.org","@graph":[{"@type":"WebPage","@id":"https:\/\/multi.pixelspace.com.br\/modelo\/product\/proclear\/","url":"https:\/\/multi.pixelspace.com.br\/modelo\/product\/proclear\/","name":"Proclear - Lende de Contato para voc\u00ea - Multilentes","isPartOf":{"@id":"https:\/\/multi.pixelspace.com.br\/modelo\/#website"},"primaryImageOfPage":{"@id":"https:\/\/multi.pixelspace.com.br\/modelo\/product\/proclear\/#primaryimage"},"image":{"@id":"https:\/\/multi.pixelspace.com.br\/modelo\/product\/proclear\/#primaryimage"},"thumbnailUrl":"https:\/\/multi.pixelspace.com.br\/modelo\/wp-content\/uploads\/sites\/25\/2020\/08\/coopervision-biofinity-lente-de-contato_1_1_1_copiar_1140x.jpg","datePublished":"2020-08-23T15:06:56+00:00","dateModified":"2024-03-23T13:09:56+00:00","description":"Procurando por condorto? As lentes de contato Proclear, feitas de hidrogel, s\u00e3o \u00f3timas para graus altos e\/ou olhos secos.","breadcrumb":{"@id":"https:\/\/multi.pixelspace.com.br\/modelo\/product\/proclear\/#breadcrumb"},"inLanguage":"pt-BR","potentialAction":[{"@type":"ReadAction","target":["https:\/\/multi.pixelspace.com.br\/modelo\/product\/proclear\/"]}]},{"@type":"ImageObject","inLanguage":"pt-BR","@id":"https:\/\/multi.pixelspace.com.br\/modelo\/product\/proclear\/#primaryimage","url":"https:\/\/multi.pixelspace.com.br\/modelo\/wp-content\/uploads\/sites\/25\/2020\/08\/coopervision-biofinity-lente-de-contato_1_1_1_copiar_1140x.jpg","contentUrl":"https:\/\/multi.pixelspace.com.br\/modelo\/wp-content\/uploads\/sites\/25\/2020\/08\/coopervision-biofinity-lente-de-contato_1_1_1_copiar_1140x.jpg","width":1140,"height":787,"caption":"proclear, lente de contato"},{"@type":"BreadcrumbList","@id":"https:\/\/multi.pixelspace.com.br\/modelo\/product\/proclear\/#breadcrumb","itemListElement":[{"@type":"ListItem","position":1,"name":"Home","item":"https:\/\/multi.pixelspace.com.br\/modelo\/"},{"@type":"ListItem","position":2,"name":"Shop","item":"https:\/\/multi.pixelspace.com.br\/modelo\/"},{"@type":"ListItem","position":3,"name":"Proclear"}]},{"@type":"WebSite","@id":"https:\/\/multi.pixelspace.com.br\/modelo\/#website","url":"https:\/\/multi.pixelspace.com.br\/modelo\/","name":"Modelo Loja","description":"Lentes de Contato para voc\u00ea","potentialAction":[{"@type":"SearchAction","target":{"@type":"EntryPoint","urlTemplate":"https:\/\/multi.pixelspace.com.br\/modelo\/?s={search_term_string}"},"query-input":"required name=search_term_string"}],"inLanguage":"pt-BR"}]}},"_links":{"self":[{"href":"https:\/\/multi.pixelspace.com.br\/modelo\/wp-json\/wp\/v2\/product\/296","targetHints":{"allow":["GET"]}}],"collection":[{"href":"https:\/\/multi.pixelspace.com.br\/modelo\/wp-json\/wp\/v2\/product"}],"about":[{"href":"https:\/\/multi.pixelspace.com.br\/modelo\/wp-json\/wp\/v2\/types\/product"}],"replies":[{"embeddable":true,"href":"https:\/\/multi.pixelspace.com.br\/modelo\/wp-json\/wp\/v2\/comments?post=296"}],"wp:featuredmedia":[{"embeddable":true,"href":"https:\/\/multi.pixelspace.com.br\/modelo\/wp-json\/wp\/v2\/media\/297"}],"wp:attachment":[{"href":"https:\/\/multi.pixelspace.com.br\/modelo\/wp-json\/wp\/v2\/media?parent=296"}],"wp:term":[{"taxonomy":"product_cat","embeddable":true,"href":"https:\/\/multi.pixelspace.com.br\/modelo\/wp-json\/wp\/v2\/product_cat?post=296"},{"taxonomy":"product_tag","embeddable":true,"href":"https:\/\/multi.pixelspace.com.br\/modelo\/wp-json\/wp\/v2\/product_tag?post=296"}],"curies":[{"name":"wp","href":"https:\/\/api.w.org\/{rel}","templated":true}]}}