{"id":294,"date":"2020-08-23T15:02:44","date_gmt":"2020-08-23T15:02:44","guid":{"rendered":"https:\/\/multi.pixelspace.com.br\/multilentes\/?post_type=product&#038;p=294"},"modified":"2020-11-10T17:30:52","modified_gmt":"2020-11-10T17:30:52","slug":"avaira-vitality","status":"publish","type":"product","link":"https:\/\/multi.pixelspace.com.br\/modelo\/product\/avaira-vitality\/","title":{"rendered":"Avaira Vitality"},"content":{"rendered":"<h1>Avaira Vitality<\/h1>\n<p>Miopia ou hipermetropia?<br \/>\nDesfrute de lentes de contato com elevado \u00edndice de suavidade.<\/p>\n<h2>Caracter\u00edsticas das Lentes Avaira Vitality<\/h2>\n<ul>\n<li>Programa de substitui\u00e7\u00e3o mensal;<\/li>\n<li>Material de silicone hidrogel + filtro UV*;<\/li>\n<li>Concebidas para ajudar os olhos a manterem-se hidratados e saud\u00e1veis;<\/li>\n<li>Naturalmente umectadas, por isso t\u00eam menor probabilidade de ocasionar alergias e irrita\u00e7\u00f5es.<\/li>\n<\/ul>\n<h2>Avaira X Avaira Vitality<\/h2>\n<p>Um upgrade sem esfor\u00e7o para uma lente de qualidade superior.<\/p>\n<ul>\n<li>NOVO: Maior conte\u00fado de \u00e1gua: 55%. Maior conforto por mais tempo;<\/li>\n<li>NOVO: Novo material, proporcionando melhor qualidade de vis\u00e3o;<\/li>\n<li>NOVO: Maior prote\u00e7\u00e3o contra a radia\u00e7\u00e3o UV: bloqueio de 99% da radia\u00e7\u00e3o UVB e mais de 90% da radia\u00e7\u00e3o UVA;<\/li>\n<li>Olhos mais umectados;<\/li>\n<li>Manuseio mais f\u00e1cil;<\/li>\n<li>Readapta\u00e7\u00e3o sem esfor\u00e7o pelos usu\u00e1rios de Avaira;<\/li>\n<li>94% dos usu\u00e1rios preferiram Avaira Vitality a Avaira.<\/li>\n<\/ul>\n<h2>Excepcionalmente Confort\u00e1veis<\/h2>\n<p>A exclusiva Aquaform Technology presente nas lentes de contato Avaira Vitality garante que os seus olhos recebem muito oxig\u00eanio para se manterem saud\u00e1veis. Al\u00e9m disso, proporciona uma lente gelatinosa que \u00e9 muito suave, flex\u00edvel, macia e confort\u00e1vel.<\/p>\n<p>O material da lente Aquaform \u00e9 tamb\u00e9m naturalmente umectado, ou seja, ret\u00e9m a \u00e1gua na lente para mant\u00ea-la \u00famida sem necessidade de elementos qu\u00edmicos adicionais para este fim &#8211; mesmo ap\u00f3s longos per\u00edodos de uso.<\/p>\n<h2>Tecnologia da Avaira Vitality<\/h2>\n<p>O que significa PEG? \u00c9 a sigla do Polietilenoglicol, claro! Mais importante ainda \u00e9 que o PEG aumenta a afinidade do material da lente (silicone hidrogel) pela \u00e1gua, ligando fortemetne as mol\u00e9culas de \u00e1gua em toda a lente. O resultado \u00e9 um conforto cont\u00ednuo durante todo o dia, e, durante todo o per\u00edodo de dura\u00e7\u00e3o da lente (mensal).<\/p>\n<p>Pergunte ao seu oftalmologista sobre o conforto duradouro das lentes de contato Avaira Vitality.<\/p>\n<h2>Informa\u00e7\u00f5es Do Fabricante<\/h2>\n<p>Avaira Vitality \u00e9 o mais recente lan\u00e7amento mundial da CooperVision. Fabricada com silicone hidrogel de 3\u00aa. gera\u00e7\u00e3o, \u00e9 uma das lentes mais modernas no mercado mundial. Avaira Vitality proporciona o Equil\u00edbrio Perfeito entre a Oxigena\u00e7\u00e3o e a Hidrata\u00e7\u00e3o, conferindo Sa\u00fade e Conforto excepcionais. Atrav\u00e9s da tecnologia patenteada AQUAFORM, Avaira Vitality \u00e9 naturalmente umectada e tem um dos maiores conte\u00fados aquosos do mercado. Al\u00e9m disso, como tem o menor m\u00f3duo de elasticidade dentre as lentes de silicone hydrogel do mercado, ela oferece uma suavidade incontest\u00e1vel. Est\u00e1 dispon\u00edvel nos graus esf\u00e9ricos: de -0.25 \u00e0 -12.00 (escala de 0.50 acima de -6.00) e, muito em breve de +0.25 \u00e0 +8.00. Seu regime de uso \u00e9 flex\u00edvel &#8211; 7 dias e 6 noites dormindo com as lentes ou 30 dias retirando as lentes para dormir.<\/p>\n<p>Descarte mensal com regime de uso flex\u00edvel (podendo dormir por 7 dias e 6 noites ou retirando todas as noites por at\u00e9 30 dias).<\/p>\n<h2>Desempenho<\/h2>\n<p>O design da lente proporciona uma superf\u00edcie mais constante sobre a c\u00f3rnea possibilitando uma cobertura regular E AJUDANDO A focalizar os raios de luz na retina.<\/p>\n<p>Mais informa\u00e7\u00f5es sobre o produto: <a href=\"https:\/\/coopervision.com.br\/lentes-de-contacto\/avaira\" target=\"_blank\" rel=\"noopener noreferrer\">CooperVision<\/a><\/p>\n","protected":false},"excerpt":{"rendered":"<h1>Avaira Vitality<\/h1>\n<p>Miopia ou hipermetropia?<br \/>\nDesfrute de lentes de contato com elevado \u00edndice de suavidade.<\/p>\n","protected":false},"featured_media":295,"comment_status":"open","ping_status":"closed","template":"","meta":{"_et_pb_use_builder":"","_et_pb_old_content":"","_et_gb_content_width":"","_joinchat":[]},"product_cat":[18],"product_tag":[],"class_list":{"0":"post-294","1":"product","2":"type-product","3":"status-publish","4":"has-post-thumbnail","6":"product_cat-lentes-de-contato","8":"first","9":"instock","10":"sale","11":"shipping-taxable","12":"purchasable","13":"product-type-simple"},"yoast_head":"<!-- This site is optimized with the Yoast SEO plugin v22.7 - https:\/\/yoast.com\/wordpress\/plugins\/seo\/ -->\n<title>Avaira Vitality - Lentes de Contato para voc\u00ea - Multilentes<\/title>\n<meta name=\"description\" content=\"Miopia ou hipermetropia? Desfrute de lentes de contato Avaira Vitality com elevado \u00edndice de suavidade e conforto sem iguais.\" \/>\n<meta name=\"robots\" content=\"index, follow, max-snippet:-1, max-image-preview:large, max-video-preview:-1\" \/>\n<link rel=\"canonical\" href=\"https:\/\/multi.pixelspace.com.br\/modelo\/product\/avaira-vitality\/\" \/>\n<meta property=\"og:locale\" content=\"pt_BR\" \/>\n<meta property=\"og:type\" content=\"article\" \/>\n<meta property=\"og:title\" content=\"Avaira Vitality - Lentes de Contato para voc\u00ea - Multilentes\" \/>\n<meta property=\"og:description\" content=\"Miopia ou hipermetropia? Desfrute de lentes de contato Avaira Vitality com elevado \u00edndice de suavidade e conforto sem iguais.\" \/>\n<meta property=\"og:url\" content=\"https:\/\/multi.pixelspace.com.br\/modelo\/product\/avaira-vitality\/\" \/>\n<meta property=\"og:site_name\" content=\"Modelo Loja\" \/>\n<meta property=\"article:modified_time\" content=\"2020-11-10T17:30:52+00:00\" \/>\n<meta property=\"og:image\" content=\"https:\/\/multi.pixelspace.com.br\/modelo\/wp-content\/uploads\/sites\/25\/2020\/08\/m63coo1210pl_1-scaled.jpg\" \/>\n\t<meta property=\"og:image:width\" content=\"2560\" \/>\n\t<meta property=\"og:image:height\" content=\"1920\" \/>\n\t<meta property=\"og:image:type\" content=\"image\/jpeg\" \/>\n<meta name=\"twitter:card\" content=\"summary_large_image\" \/>\n<meta name=\"twitter:label1\" content=\"Est. tempo de leitura\" \/>\n\t<meta name=\"twitter:data1\" content=\"2 minutos\" \/>\n<script type=\"application\/ld+json\" class=\"yoast-schema-graph\">{\"@context\":\"https:\/\/schema.org\",\"@graph\":[{\"@type\":\"WebPage\",\"@id\":\"https:\/\/multi.pixelspace.com.br\/modelo\/product\/avaira-vitality\/\",\"url\":\"https:\/\/multi.pixelspace.com.br\/modelo\/product\/avaira-vitality\/\",\"name\":\"Avaira Vitality - Lentes de Contato para voc\u00ea - Multilentes\",\"isPartOf\":{\"@id\":\"https:\/\/multi.pixelspace.com.br\/modelo\/#website\"},\"primaryImageOfPage\":{\"@id\":\"https:\/\/multi.pixelspace.com.br\/modelo\/product\/avaira-vitality\/#primaryimage\"},\"image\":{\"@id\":\"https:\/\/multi.pixelspace.com.br\/modelo\/product\/avaira-vitality\/#primaryimage\"},\"thumbnailUrl\":\"https:\/\/multi.pixelspace.com.br\/modelo\/wp-content\/uploads\/sites\/25\/2020\/08\/m63coo1210pl_1-scaled.jpg\",\"datePublished\":\"2020-08-23T15:02:44+00:00\",\"dateModified\":\"2020-11-10T17:30:52+00:00\",\"description\":\"Miopia ou hipermetropia? Desfrute de lentes de contato Avaira Vitality com elevado \u00edndice de suavidade e conforto sem iguais.\",\"breadcrumb\":{\"@id\":\"https:\/\/multi.pixelspace.com.br\/modelo\/product\/avaira-vitality\/#breadcrumb\"},\"inLanguage\":\"pt-BR\",\"potentialAction\":[{\"@type\":\"ReadAction\",\"target\":[\"https:\/\/multi.pixelspace.com.br\/modelo\/product\/avaira-vitality\/\"]}]},{\"@type\":\"ImageObject\",\"inLanguage\":\"pt-BR\",\"@id\":\"https:\/\/multi.pixelspace.com.br\/modelo\/product\/avaira-vitality\/#primaryimage\",\"url\":\"https:\/\/multi.pixelspace.com.br\/modelo\/wp-content\/uploads\/sites\/25\/2020\/08\/m63coo1210pl_1-scaled.jpg\",\"contentUrl\":\"https:\/\/multi.pixelspace.com.br\/modelo\/wp-content\/uploads\/sites\/25\/2020\/08\/m63coo1210pl_1-scaled.jpg\",\"width\":2560,\"height\":1920,\"caption\":\"Avaira Vitality, lente de contato\"},{\"@type\":\"BreadcrumbList\",\"@id\":\"https:\/\/multi.pixelspace.com.br\/modelo\/product\/avaira-vitality\/#breadcrumb\",\"itemListElement\":[{\"@type\":\"ListItem\",\"position\":1,\"name\":\"Home\",\"item\":\"https:\/\/multi.pixelspace.com.br\/modelo\/\"},{\"@type\":\"ListItem\",\"position\":2,\"name\":\"Shop\",\"item\":\"https:\/\/multi.pixelspace.com.br\/modelo\/\"},{\"@type\":\"ListItem\",\"position\":3,\"name\":\"Avaira Vitality\"}]},{\"@type\":\"WebSite\",\"@id\":\"https:\/\/multi.pixelspace.com.br\/modelo\/#website\",\"url\":\"https:\/\/multi.pixelspace.com.br\/modelo\/\",\"name\":\"Modelo Loja\",\"description\":\"Lentes de Contato para voc\u00ea\",\"potentialAction\":[{\"@type\":\"SearchAction\",\"target\":{\"@type\":\"EntryPoint\",\"urlTemplate\":\"https:\/\/multi.pixelspace.com.br\/modelo\/?s={search_term_string}\"},\"query-input\":\"required name=search_term_string\"}],\"inLanguage\":\"pt-BR\"}]}<\/script>\n<!-- \/ Yoast SEO plugin. -->","yoast_head_json":{"title":"Avaira Vitality - Lentes de Contato para voc\u00ea - Multilentes","description":"Miopia ou hipermetropia? Desfrute de lentes de contato Avaira Vitality com elevado \u00edndice de suavidade e conforto sem iguais.","robots":{"index":"index","follow":"follow","max-snippet":"max-snippet:-1","max-image-preview":"max-image-preview:large","max-video-preview":"max-video-preview:-1"},"canonical":"https:\/\/multi.pixelspace.com.br\/modelo\/product\/avaira-vitality\/","og_locale":"pt_BR","og_type":"article","og_title":"Avaira Vitality - Lentes de Contato para voc\u00ea - Multilentes","og_description":"Miopia ou hipermetropia? Desfrute de lentes de contato Avaira Vitality com elevado \u00edndice de suavidade e conforto sem iguais.","og_url":"https:\/\/multi.pixelspace.com.br\/modelo\/product\/avaira-vitality\/","og_site_name":"Modelo Loja","article_modified_time":"2020-11-10T17:30:52+00:00","og_image":[{"width":2560,"height":1920,"url":"https:\/\/multi.pixelspace.com.br\/modelo\/wp-content\/uploads\/sites\/25\/2020\/08\/m63coo1210pl_1-scaled.jpg","type":"image\/jpeg"}],"twitter_card":"summary_large_image","twitter_misc":{"Est. tempo de leitura":"2 minutos"},"schema":{"@context":"https:\/\/schema.org","@graph":[{"@type":"WebPage","@id":"https:\/\/multi.pixelspace.com.br\/modelo\/product\/avaira-vitality\/","url":"https:\/\/multi.pixelspace.com.br\/modelo\/product\/avaira-vitality\/","name":"Avaira Vitality - Lentes de Contato para voc\u00ea - Multilentes","isPartOf":{"@id":"https:\/\/multi.pixelspace.com.br\/modelo\/#website"},"primaryImageOfPage":{"@id":"https:\/\/multi.pixelspace.com.br\/modelo\/product\/avaira-vitality\/#primaryimage"},"image":{"@id":"https:\/\/multi.pixelspace.com.br\/modelo\/product\/avaira-vitality\/#primaryimage"},"thumbnailUrl":"https:\/\/multi.pixelspace.com.br\/modelo\/wp-content\/uploads\/sites\/25\/2020\/08\/m63coo1210pl_1-scaled.jpg","datePublished":"2020-08-23T15:02:44+00:00","dateModified":"2020-11-10T17:30:52+00:00","description":"Miopia ou hipermetropia? Desfrute de lentes de contato Avaira Vitality com elevado \u00edndice de suavidade e conforto sem iguais.","breadcrumb":{"@id":"https:\/\/multi.pixelspace.com.br\/modelo\/product\/avaira-vitality\/#breadcrumb"},"inLanguage":"pt-BR","potentialAction":[{"@type":"ReadAction","target":["https:\/\/multi.pixelspace.com.br\/modelo\/product\/avaira-vitality\/"]}]},{"@type":"ImageObject","inLanguage":"pt-BR","@id":"https:\/\/multi.pixelspace.com.br\/modelo\/product\/avaira-vitality\/#primaryimage","url":"https:\/\/multi.pixelspace.com.br\/modelo\/wp-content\/uploads\/sites\/25\/2020\/08\/m63coo1210pl_1-scaled.jpg","contentUrl":"https:\/\/multi.pixelspace.com.br\/modelo\/wp-content\/uploads\/sites\/25\/2020\/08\/m63coo1210pl_1-scaled.jpg","width":2560,"height":1920,"caption":"Avaira Vitality, lente de contato"},{"@type":"BreadcrumbList","@id":"https:\/\/multi.pixelspace.com.br\/modelo\/product\/avaira-vitality\/#breadcrumb","itemListElement":[{"@type":"ListItem","position":1,"name":"Home","item":"https:\/\/multi.pixelspace.com.br\/modelo\/"},{"@type":"ListItem","position":2,"name":"Shop","item":"https:\/\/multi.pixelspace.com.br\/modelo\/"},{"@type":"ListItem","position":3,"name":"Avaira Vitality"}]},{"@type":"WebSite","@id":"https:\/\/multi.pixelspace.com.br\/modelo\/#website","url":"https:\/\/multi.pixelspace.com.br\/modelo\/","name":"Modelo Loja","description":"Lentes de Contato para voc\u00ea","potentialAction":[{"@type":"SearchAction","target":{"@type":"EntryPoint","urlTemplate":"https:\/\/multi.pixelspace.com.br\/modelo\/?s={search_term_string}"},"query-input":"required name=search_term_string"}],"inLanguage":"pt-BR"}]}},"_links":{"self":[{"href":"https:\/\/multi.pixelspace.com.br\/modelo\/wp-json\/wp\/v2\/product\/294","targetHints":{"allow":["GET"]}}],"collection":[{"href":"https:\/\/multi.pixelspace.com.br\/modelo\/wp-json\/wp\/v2\/product"}],"about":[{"href":"https:\/\/multi.pixelspace.com.br\/modelo\/wp-json\/wp\/v2\/types\/product"}],"replies":[{"embeddable":true,"href":"https:\/\/multi.pixelspace.com.br\/modelo\/wp-json\/wp\/v2\/comments?post=294"}],"wp:featuredmedia":[{"embeddable":true,"href":"https:\/\/multi.pixelspace.com.br\/modelo\/wp-json\/wp\/v2\/media\/295"}],"wp:attachment":[{"href":"https:\/\/multi.pixelspace.com.br\/modelo\/wp-json\/wp\/v2\/media?parent=294"}],"wp:term":[{"taxonomy":"product_cat","embeddable":true,"href":"https:\/\/multi.pixelspace.com.br\/modelo\/wp-json\/wp\/v2\/product_cat?post=294"},{"taxonomy":"product_tag","embeddable":true,"href":"https:\/\/multi.pixelspace.com.br\/modelo\/wp-json\/wp\/v2\/product_tag?post=294"}],"curies":[{"name":"wp","href":"https:\/\/api.w.org\/{rel}","templated":true}]}}