{"id":292,"date":"2020-08-23T14:59:02","date_gmt":"2020-08-23T14:59:02","guid":{"rendered":"https:\/\/multi.pixelspace.com.br\/multilentes\/?post_type=product&#038;p=292"},"modified":"2020-11-10T17:31:46","modified_gmt":"2020-11-10T17:31:46","slug":"biofinity-toric","status":"publish","type":"product","link":"https:\/\/multi.pixelspace.com.br\/modelo\/product\/biofinity-toric\/","title":{"rendered":"Biofinity Toric"},"content":{"rendered":"<h1>Biofinity Toric<\/h1>\n<p>Lentes de contato com Conforto Diferenciado para a corre\u00e7\u00e3o de astigmatismo &#8211; com ou sem a associa\u00e7\u00e3o de miopia ou hipermetropia.<\/p>\n<h2>Caracter\u00edsticas da Biofinity Toric<\/h2>\n<ul>\n<li>Substitui\u00e7\u00e3o mensal;<\/li>\n<li>Otimizadas para astigmatismo;<\/li>\n<li>As lentes permanecem naturalmente umectadas e confort\u00e1veis;<\/li>\n<li>Naturalmente umectadas, por isso t\u00eam menor necessidade de uso de gotas lubrificantes adicionais.<\/li>\n<\/ul>\n<h2>As lentes Biofinity Toric s\u00e3o Otimizadas Especialmente Para Pacientes Com Astigmatismo<\/h2>\n<p>Se voc\u00ea tem astigmatismo, a sua vis\u00e3o poder\u00e1 estar desfocada ou distorcida ao olhar para objetos tanto de perto quanto de longe. As lentes de contato Biofinity toric da CooperVision podem corrigir este problema de vis\u00e3o com um n\u00edvel de conforto e de qualidade superiores.<\/p>\n<p>As lentes de contato Biofinity toric apresentam Optimized Lens Geometry. Design exclusivo que garante a estabilidade das lentes, com precis\u00e3o e conforto. De perto e de longe, voc\u00ea desfrutar\u00e1 de uma vis\u00e3o clara e n\u00edtida, adequada \u00e0s suas exig\u00eancias.<\/p>\n<p>Gra\u00e7as \u00e0 Aquaform Technology exclusiva, as lentes Biofinity toric permitem a passagem de muito oxig\u00eanio para os olhos. E sua capacidade de umecta\u00e7\u00e3o natural n\u00e3o desaparece. Desfrutar\u00e1 de uma vis\u00e3o excelente com uma lente gelatinosa mensal confort\u00e1vel e saud\u00e1vel para os seus olhos.<\/p>\n<p>Para uma corre\u00e7\u00e3o otimizada do astigmatismo e um conforto superior para uso prolongado, pergunte ao seu oftalmologista sobre as lentes de contato Biofinity toric.<\/p>\n<h2>Indica\u00e7\u00e3o<\/h2>\n<p>Esse produto \u00e9 indicado para corre\u00e7\u00e3o de astigmatismo, acompanhado ou n\u00e3o de miopia ou hipermetropia em pessoas que n\u00e3o tenham doen\u00e7as oculares. o descarte da lente deve ocorrer em 30 dias para o regime de uso di\u00e1rio (retirando as lentes todas as noites), ou em 1 semana (7 dias e 6 noites) para o regime de uso prolongado &#8211; dormindo com as lentes. O especialista dever\u00e1 avaliar qual o melhor regime de uso de acordo com a fisiologia ocular e as necessidades de cada usu\u00e1rio.<\/p>\n<h2>Informa\u00e7\u00f5es Do Fabricante<\/h2>\n<p>CooperVision \u00e9 sin\u00f4nimo de qualidade em lentes t\u00f3ricas. Desta vez n\u00f3s reunimos tudo que aprendemos at\u00e9 aqui com a condi\u00e7\u00e3o de l\u00edderes mundiais e juntamos em um \u00fanico produto: Biofinity Toric. \u00c9 a combina\u00e7\u00e3o da umectabilidade natural, conseguida atrav\u00e9s de nossa tecnologia patenteada Aquaform, com nosso desenho de Lastro Otimizado \u2013 tudo junto em uma lente diferenciada proporcionando conforto e estabilidade excepcionais e alta qualidade de vis\u00e3o.<\/p>\n<ul>\n<li>Naturalmente hidrof\u00edlica;<\/li>\n<li>Baixo M\u00f3dulo;<\/li>\n<li>Alta Transmissibilidade de Oxig\u00eanio;<\/li>\n<li>Aprovada para Uso Prolongado;<\/li>\n<li>Desenho de Lastro Otimizado.<\/li>\n<\/ul>\n<p>Mais informa\u00e7\u00f5es sobre o produto: <a href=\"https:\/\/coopervision.com.br\/lentes-de-contacto\/biofinity-toric\" target=\"_blank\" rel=\"noopener noreferrer\">CooperVision<\/a><\/p>\n","protected":false},"excerpt":{"rendered":"<h1>Biofinity Toric<\/h1>\n<p>Lentes de contato com Conforto Diferenciado para a corre\u00e7\u00e3o de astigmatismo &#8211; com ou sem a associa\u00e7\u00e3o de miopia ou hipermetropia.<\/p>\n","protected":false},"featured_media":311,"comment_status":"open","ping_status":"closed","template":"","meta":{"_et_pb_use_builder":"","_et_pb_old_content":"","_et_gb_content_width":"","_joinchat":[]},"product_cat":[18],"product_tag":[],"class_list":{"0":"post-292","1":"product","2":"type-product","3":"status-publish","4":"has-post-thumbnail","6":"product_cat-lentes-de-contato","8":"first","9":"instock","10":"sale","11":"shipping-taxable","12":"purchasable","13":"product-type-simple"},"yoast_head":"<!-- This site is optimized with the Yoast SEO plugin v22.7 - https:\/\/yoast.com\/wordpress\/plugins\/seo\/ -->\n<title>Biofinity Toric - Lentes de Contato para voc\u00ea - Multilentes<\/title>\n<meta name=\"description\" content=\"As Lentes Biofinity Toric possuem conforto diferenciado para a corre\u00e7\u00e3o de astigmatismo, com ou sem a associa\u00e7\u00e3o de miopia ou hipermetropia.\" \/>\n<meta name=\"robots\" content=\"index, follow, max-snippet:-1, max-image-preview:large, max-video-preview:-1\" \/>\n<link rel=\"canonical\" href=\"https:\/\/multi.pixelspace.com.br\/modelo\/product\/biofinity-toric\/\" \/>\n<meta property=\"og:locale\" content=\"pt_BR\" \/>\n<meta property=\"og:type\" content=\"article\" \/>\n<meta property=\"og:title\" content=\"Biofinity Toric - Lentes de Contato para voc\u00ea - Multilentes\" \/>\n<meta property=\"og:description\" content=\"As Lentes Biofinity Toric possuem conforto diferenciado para a corre\u00e7\u00e3o de astigmatismo, com ou sem a associa\u00e7\u00e3o de miopia ou hipermetropia.\" \/>\n<meta property=\"og:url\" content=\"https:\/\/multi.pixelspace.com.br\/modelo\/product\/biofinity-toric\/\" \/>\n<meta property=\"og:site_name\" content=\"Modelo Loja\" \/>\n<meta property=\"article:modified_time\" content=\"2020-11-10T17:31:46+00:00\" \/>\n<meta property=\"og:image\" content=\"https:\/\/multi.pixelspace.com.br\/modelo\/wp-content\/uploads\/sites\/25\/2020\/08\/biofinty-toric.jpg\" \/>\n\t<meta property=\"og:image:width\" content=\"1000\" \/>\n\t<meta property=\"og:image:height\" content=\"1000\" \/>\n\t<meta property=\"og:image:type\" content=\"image\/jpeg\" \/>\n<meta name=\"twitter:card\" content=\"summary_large_image\" \/>\n<meta name=\"twitter:label1\" content=\"Est. tempo de leitura\" \/>\n\t<meta name=\"twitter:data1\" content=\"2 minutos\" \/>\n<script type=\"application\/ld+json\" class=\"yoast-schema-graph\">{\"@context\":\"https:\/\/schema.org\",\"@graph\":[{\"@type\":\"WebPage\",\"@id\":\"https:\/\/multi.pixelspace.com.br\/modelo\/product\/biofinity-toric\/\",\"url\":\"https:\/\/multi.pixelspace.com.br\/modelo\/product\/biofinity-toric\/\",\"name\":\"Biofinity Toric - Lentes de Contato para voc\u00ea - Multilentes\",\"isPartOf\":{\"@id\":\"https:\/\/multi.pixelspace.com.br\/modelo\/#website\"},\"primaryImageOfPage\":{\"@id\":\"https:\/\/multi.pixelspace.com.br\/modelo\/product\/biofinity-toric\/#primaryimage\"},\"image\":{\"@id\":\"https:\/\/multi.pixelspace.com.br\/modelo\/product\/biofinity-toric\/#primaryimage\"},\"thumbnailUrl\":\"https:\/\/multi.pixelspace.com.br\/modelo\/wp-content\/uploads\/sites\/25\/2020\/08\/biofinty-toric.jpg\",\"datePublished\":\"2020-08-23T14:59:02+00:00\",\"dateModified\":\"2020-11-10T17:31:46+00:00\",\"description\":\"As Lentes Biofinity Toric possuem conforto diferenciado para a corre\u00e7\u00e3o de astigmatismo, com ou sem a associa\u00e7\u00e3o de miopia ou hipermetropia.\",\"breadcrumb\":{\"@id\":\"https:\/\/multi.pixelspace.com.br\/modelo\/product\/biofinity-toric\/#breadcrumb\"},\"inLanguage\":\"pt-BR\",\"potentialAction\":[{\"@type\":\"ReadAction\",\"target\":[\"https:\/\/multi.pixelspace.com.br\/modelo\/product\/biofinity-toric\/\"]}]},{\"@type\":\"ImageObject\",\"inLanguage\":\"pt-BR\",\"@id\":\"https:\/\/multi.pixelspace.com.br\/modelo\/product\/biofinity-toric\/#primaryimage\",\"url\":\"https:\/\/multi.pixelspace.com.br\/modelo\/wp-content\/uploads\/sites\/25\/2020\/08\/biofinty-toric.jpg\",\"contentUrl\":\"https:\/\/multi.pixelspace.com.br\/modelo\/wp-content\/uploads\/sites\/25\/2020\/08\/biofinty-toric.jpg\",\"width\":1000,\"height\":1000,\"caption\":\"Biofinity Toric, lentes de contato\"},{\"@type\":\"BreadcrumbList\",\"@id\":\"https:\/\/multi.pixelspace.com.br\/modelo\/product\/biofinity-toric\/#breadcrumb\",\"itemListElement\":[{\"@type\":\"ListItem\",\"position\":1,\"name\":\"Home\",\"item\":\"https:\/\/multi.pixelspace.com.br\/modelo\/\"},{\"@type\":\"ListItem\",\"position\":2,\"name\":\"Shop\",\"item\":\"https:\/\/multi.pixelspace.com.br\/modelo\/\"},{\"@type\":\"ListItem\",\"position\":3,\"name\":\"Biofinity Toric\"}]},{\"@type\":\"WebSite\",\"@id\":\"https:\/\/multi.pixelspace.com.br\/modelo\/#website\",\"url\":\"https:\/\/multi.pixelspace.com.br\/modelo\/\",\"name\":\"Modelo Loja\",\"description\":\"Lentes de Contato para voc\u00ea\",\"potentialAction\":[{\"@type\":\"SearchAction\",\"target\":{\"@type\":\"EntryPoint\",\"urlTemplate\":\"https:\/\/multi.pixelspace.com.br\/modelo\/?s={search_term_string}\"},\"query-input\":\"required name=search_term_string\"}],\"inLanguage\":\"pt-BR\"}]}<\/script>\n<!-- \/ Yoast SEO plugin. -->","yoast_head_json":{"title":"Biofinity Toric - Lentes de Contato para voc\u00ea - Multilentes","description":"As Lentes Biofinity Toric possuem conforto diferenciado para a corre\u00e7\u00e3o de astigmatismo, com ou sem a associa\u00e7\u00e3o de miopia ou hipermetropia.","robots":{"index":"index","follow":"follow","max-snippet":"max-snippet:-1","max-image-preview":"max-image-preview:large","max-video-preview":"max-video-preview:-1"},"canonical":"https:\/\/multi.pixelspace.com.br\/modelo\/product\/biofinity-toric\/","og_locale":"pt_BR","og_type":"article","og_title":"Biofinity Toric - Lentes de Contato para voc\u00ea - Multilentes","og_description":"As Lentes Biofinity Toric possuem conforto diferenciado para a corre\u00e7\u00e3o de astigmatismo, com ou sem a associa\u00e7\u00e3o de miopia ou hipermetropia.","og_url":"https:\/\/multi.pixelspace.com.br\/modelo\/product\/biofinity-toric\/","og_site_name":"Modelo Loja","article_modified_time":"2020-11-10T17:31:46+00:00","og_image":[{"width":1000,"height":1000,"url":"https:\/\/multi.pixelspace.com.br\/modelo\/wp-content\/uploads\/sites\/25\/2020\/08\/biofinty-toric.jpg","type":"image\/jpeg"}],"twitter_card":"summary_large_image","twitter_misc":{"Est. tempo de leitura":"2 minutos"},"schema":{"@context":"https:\/\/schema.org","@graph":[{"@type":"WebPage","@id":"https:\/\/multi.pixelspace.com.br\/modelo\/product\/biofinity-toric\/","url":"https:\/\/multi.pixelspace.com.br\/modelo\/product\/biofinity-toric\/","name":"Biofinity Toric - Lentes de Contato para voc\u00ea - Multilentes","isPartOf":{"@id":"https:\/\/multi.pixelspace.com.br\/modelo\/#website"},"primaryImageOfPage":{"@id":"https:\/\/multi.pixelspace.com.br\/modelo\/product\/biofinity-toric\/#primaryimage"},"image":{"@id":"https:\/\/multi.pixelspace.com.br\/modelo\/product\/biofinity-toric\/#primaryimage"},"thumbnailUrl":"https:\/\/multi.pixelspace.com.br\/modelo\/wp-content\/uploads\/sites\/25\/2020\/08\/biofinty-toric.jpg","datePublished":"2020-08-23T14:59:02+00:00","dateModified":"2020-11-10T17:31:46+00:00","description":"As Lentes Biofinity Toric possuem conforto diferenciado para a corre\u00e7\u00e3o de astigmatismo, com ou sem a associa\u00e7\u00e3o de miopia ou hipermetropia.","breadcrumb":{"@id":"https:\/\/multi.pixelspace.com.br\/modelo\/product\/biofinity-toric\/#breadcrumb"},"inLanguage":"pt-BR","potentialAction":[{"@type":"ReadAction","target":["https:\/\/multi.pixelspace.com.br\/modelo\/product\/biofinity-toric\/"]}]},{"@type":"ImageObject","inLanguage":"pt-BR","@id":"https:\/\/multi.pixelspace.com.br\/modelo\/product\/biofinity-toric\/#primaryimage","url":"https:\/\/multi.pixelspace.com.br\/modelo\/wp-content\/uploads\/sites\/25\/2020\/08\/biofinty-toric.jpg","contentUrl":"https:\/\/multi.pixelspace.com.br\/modelo\/wp-content\/uploads\/sites\/25\/2020\/08\/biofinty-toric.jpg","width":1000,"height":1000,"caption":"Biofinity Toric, lentes de contato"},{"@type":"BreadcrumbList","@id":"https:\/\/multi.pixelspace.com.br\/modelo\/product\/biofinity-toric\/#breadcrumb","itemListElement":[{"@type":"ListItem","position":1,"name":"Home","item":"https:\/\/multi.pixelspace.com.br\/modelo\/"},{"@type":"ListItem","position":2,"name":"Shop","item":"https:\/\/multi.pixelspace.com.br\/modelo\/"},{"@type":"ListItem","position":3,"name":"Biofinity Toric"}]},{"@type":"WebSite","@id":"https:\/\/multi.pixelspace.com.br\/modelo\/#website","url":"https:\/\/multi.pixelspace.com.br\/modelo\/","name":"Modelo Loja","description":"Lentes de Contato para voc\u00ea","potentialAction":[{"@type":"SearchAction","target":{"@type":"EntryPoint","urlTemplate":"https:\/\/multi.pixelspace.com.br\/modelo\/?s={search_term_string}"},"query-input":"required name=search_term_string"}],"inLanguage":"pt-BR"}]}},"_links":{"self":[{"href":"https:\/\/multi.pixelspace.com.br\/modelo\/wp-json\/wp\/v2\/product\/292","targetHints":{"allow":["GET"]}}],"collection":[{"href":"https:\/\/multi.pixelspace.com.br\/modelo\/wp-json\/wp\/v2\/product"}],"about":[{"href":"https:\/\/multi.pixelspace.com.br\/modelo\/wp-json\/wp\/v2\/types\/product"}],"replies":[{"embeddable":true,"href":"https:\/\/multi.pixelspace.com.br\/modelo\/wp-json\/wp\/v2\/comments?post=292"}],"wp:featuredmedia":[{"embeddable":true,"href":"https:\/\/multi.pixelspace.com.br\/modelo\/wp-json\/wp\/v2\/media\/311"}],"wp:attachment":[{"href":"https:\/\/multi.pixelspace.com.br\/modelo\/wp-json\/wp\/v2\/media?parent=292"}],"wp:term":[{"taxonomy":"product_cat","embeddable":true,"href":"https:\/\/multi.pixelspace.com.br\/modelo\/wp-json\/wp\/v2\/product_cat?post=292"},{"taxonomy":"product_tag","embeddable":true,"href":"https:\/\/multi.pixelspace.com.br\/modelo\/wp-json\/wp\/v2\/product_tag?post=292"}],"curies":[{"name":"wp","href":"https:\/\/api.w.org\/{rel}","templated":true}]}}