{"id":291,"date":"2020-08-23T14:54:22","date_gmt":"2020-08-23T14:54:22","guid":{"rendered":"https:\/\/multi.pixelspace.com.br\/multilentes\/?post_type=product&#038;p=291"},"modified":"2020-11-05T12:05:57","modified_gmt":"2020-11-05T12:05:57","slug":"biomedics-55-evolution","status":"publish","type":"product","link":"https:\/\/multi.pixelspace.com.br\/modelo\/product\/biomedics-55-evolution\/","title":{"rendered":"Biomedics 55 Evolution"},"content":{"rendered":"<h1>Biomedics 55 Evolution<\/h1>\n<p>A combina\u00e7\u00e3o perfeita entre qualidade e tradi\u00e7\u00e3o.<\/p>\n<p>As lentes de contato Biomedics 55 evolution apresentam um desenho asf\u00e9rico em sua superf\u00edcie, e, assim, proporcionam a voc\u00ea menor incid\u00eancia de halos (borr\u00f5es) ao redor de pontos luminosos e melhor qualidade de vis\u00e3o, mesmo em condi\u00e7\u00f5es de baixa luminosidade<\/p>\n<h2>Caracter\u00edsticas da Biomedics 55 Evolution<\/h2>\n<ul>\n<li>Tradi\u00e7\u00e3o de mais de uma d\u00e9cada em conforto e praticidade;<\/li>\n<li>Sistema Neutralizador de Aberra\u00e7\u00f5es que permite uma vis\u00e3o mais n\u00edtida e precisa;<\/li>\n<li>Prote\u00e7\u00e3o contra os raios UV.<\/li>\n<\/ul>\n<h2>Indica\u00e7\u00e3o<\/h2>\n<p>Indicada para usu\u00e1rios com miopia ou hipermetropia, tem hidrata\u00e7\u00e3o de 55% e desenho asf\u00e9rico, neutralizando as aberra\u00e7\u00f5es esf\u00e9ricas proporcionando uma qualidade de vis\u00e3o superior mesmo em condi\u00e7\u00f5es de baixa luminosidade. Biomedics 55 Evolution\u2122 \u00e9 uma das lentes que lideram o segmento em nosso mercado.<\/p>\n<p>Dispon\u00edvel nos graus: de +0.25 \u00e0 +6.00 (escala de 0.25) de -0.25 \u00e0 -6.00 (escala de 0.25) de -6.00 \u00e0 -10.00 (escala de 0.50).<\/p>\n<p>Descarte mensal com regime de uso flex\u00edvel (podendo dormir por 7 dias e 6 noites ou retirando todas as noites por at\u00e9 30 dias).<\/p>\n<h2>Desempenho das lentes Biomedics 55 Evolution<\/h2>\n<p>O design da lente proporciona uma superf\u00edcie mais constante sobre a c\u00f3rnea possibilitando uma cobertura regular E AJUDANDO A focalizar os raios de luz na retina.<\/p>\n<h2>Especifica\u00e7\u00f5es<\/h2>\n<table>\n<tbody>\n<tr>\n<td>MARCA:<\/td>\n<td>Biomedics<\/td>\n<\/tr>\n<tr>\n<td>FABRICANTE:<\/td>\n<td>CooperVision<\/td>\n<\/tr>\n<tr>\n<td>INDICA\u00c7\u00c3O:<\/td>\n<td>Indicada para corre\u00e7\u00e3o de ametropias (miopia e hipermetropia)<\/td>\n<\/tr>\n<tr>\n<td>DURA\u00c7\u00c3O:<\/td>\n<td>Mensal<\/td>\n<\/tr>\n<tr>\n<td>QUANTIDADE POR CAIXA:<\/td>\n<td>6<\/td>\n<\/tr>\n<tr>\n<td>MATERIAL:<\/td>\n<td>Gelatinosa<\/td>\n<\/tr>\n<tr>\n<td>TECNOLOGIA:<\/td>\n<td>&#8211;<\/td>\n<\/tr>\n<tr>\n<td>DESENHO:<\/td>\n<td>Esf\u00e9rico<\/td>\n<\/tr>\n<tr>\n<td>PROTE\u00c7\u00c3O UV:<\/td>\n<td>Sim<\/td>\n<\/tr>\n<tr>\n<td>TINTA DE VISIBILIDADE:<\/td>\n<td>Sim<\/td>\n<\/tr>\n<tr>\n<td>CURVA BASE(MM):<\/td>\n<td>8.80 (+) 8.60 (-)<\/td>\n<\/tr>\n<tr>\n<td>HIDRATA\u00c7\u00c3O:<\/td>\n<td>0.55000000000000004<\/td>\n<\/tr>\n<tr>\n<td>DK\/T:<\/td>\n<td>28<\/td>\n<\/tr>\n<tr>\n<td>DIAM\u00caTRO(MM):<\/td>\n<td>14.2<\/td>\n<\/tr>\n<\/tbody>\n<\/table>\n<p>Mais informa\u00e7\u00f5es sobre o produto: <a href=\"https:\/\/coopervision.com.br\/lentes-de-contacto\/biomedics-55-uv-evolution\" target=\"_blank\" rel=\"noopener noreferrer\">CooperVision<\/a><\/p>\n","protected":false},"excerpt":{"rendered":"<h1>Biomedics 55 Evolution<\/h1>\n<p>A combina\u00e7\u00e3o perfeita entre qualidade e tradi\u00e7\u00e3o<\/p>\n","protected":false},"featured_media":313,"comment_status":"open","ping_status":"closed","template":"","meta":{"_et_pb_use_builder":"","_et_pb_old_content":"","_et_gb_content_width":"","_joinchat":[]},"product_cat":[18],"product_tag":[],"class_list":{"0":"post-291","1":"product","2":"type-product","3":"status-publish","4":"has-post-thumbnail","6":"product_cat-lentes-de-contato","8":"first","9":"instock","10":"sale","11":"shipping-taxable","12":"purchasable","13":"product-type-simple"},"yoast_head":"<!-- This site is optimized with the Yoast SEO plugin v22.7 - https:\/\/yoast.com\/wordpress\/plugins\/seo\/ -->\n<title>Biomedics 55 Evolution - Lentes de Contato para voc\u00ea - Multilentes<\/title>\n<meta name=\"description\" content=\"A combina\u00e7\u00e3o perfeita entre qualidade e tradi\u00e7\u00e3o. A Biomedics 55 Evolution possui melhor qualidade de vis\u00e3o, mesmo em baixa luminosidade\" \/>\n<meta name=\"robots\" content=\"index, follow, max-snippet:-1, max-image-preview:large, max-video-preview:-1\" \/>\n<link rel=\"canonical\" href=\"https:\/\/multi.pixelspace.com.br\/modelo\/product\/biomedics-55-evolution\/\" \/>\n<meta property=\"og:locale\" content=\"pt_BR\" \/>\n<meta property=\"og:type\" content=\"article\" \/>\n<meta property=\"og:title\" content=\"Biomedics 55 Evolution - Lentes de Contato para voc\u00ea - Multilentes\" \/>\n<meta property=\"og:description\" content=\"A combina\u00e7\u00e3o perfeita entre qualidade e tradi\u00e7\u00e3o. A Biomedics 55 Evolution possui melhor qualidade de vis\u00e3o, mesmo em baixa luminosidade\" \/>\n<meta property=\"og:url\" content=\"https:\/\/multi.pixelspace.com.br\/modelo\/product\/biomedics-55-evolution\/\" \/>\n<meta property=\"og:site_name\" content=\"Modelo Loja\" \/>\n<meta property=\"article:modified_time\" content=\"2020-11-05T12:05:57+00:00\" \/>\n<meta property=\"og:image\" content=\"https:\/\/multi.pixelspace.com.br\/modelo\/wp-content\/uploads\/sites\/25\/2020\/08\/Biomedics-55-Evolution.jpg\" \/>\n\t<meta property=\"og:image:width\" content=\"600\" \/>\n\t<meta property=\"og:image:height\" content=\"600\" \/>\n\t<meta property=\"og:image:type\" content=\"image\/jpeg\" \/>\n<meta name=\"twitter:card\" content=\"summary_large_image\" \/>\n<meta name=\"twitter:label1\" content=\"Est. tempo de leitura\" \/>\n\t<meta name=\"twitter:data1\" content=\"1 minuto\" \/>\n<script type=\"application\/ld+json\" class=\"yoast-schema-graph\">{\"@context\":\"https:\/\/schema.org\",\"@graph\":[{\"@type\":\"WebPage\",\"@id\":\"https:\/\/multi.pixelspace.com.br\/modelo\/product\/biomedics-55-evolution\/\",\"url\":\"https:\/\/multi.pixelspace.com.br\/modelo\/product\/biomedics-55-evolution\/\",\"name\":\"Biomedics 55 Evolution - Lentes de Contato para voc\u00ea - Multilentes\",\"isPartOf\":{\"@id\":\"https:\/\/multi.pixelspace.com.br\/modelo\/#website\"},\"primaryImageOfPage\":{\"@id\":\"https:\/\/multi.pixelspace.com.br\/modelo\/product\/biomedics-55-evolution\/#primaryimage\"},\"image\":{\"@id\":\"https:\/\/multi.pixelspace.com.br\/modelo\/product\/biomedics-55-evolution\/#primaryimage\"},\"thumbnailUrl\":\"https:\/\/multi.pixelspace.com.br\/modelo\/wp-content\/uploads\/sites\/25\/2020\/08\/Biomedics-55-Evolution.jpg\",\"datePublished\":\"2020-08-23T14:54:22+00:00\",\"dateModified\":\"2020-11-05T12:05:57+00:00\",\"description\":\"A combina\u00e7\u00e3o perfeita entre qualidade e tradi\u00e7\u00e3o. A Biomedics 55 Evolution possui melhor qualidade de vis\u00e3o, mesmo em baixa luminosidade\",\"breadcrumb\":{\"@id\":\"https:\/\/multi.pixelspace.com.br\/modelo\/product\/biomedics-55-evolution\/#breadcrumb\"},\"inLanguage\":\"pt-BR\",\"potentialAction\":[{\"@type\":\"ReadAction\",\"target\":[\"https:\/\/multi.pixelspace.com.br\/modelo\/product\/biomedics-55-evolution\/\"]}]},{\"@type\":\"ImageObject\",\"inLanguage\":\"pt-BR\",\"@id\":\"https:\/\/multi.pixelspace.com.br\/modelo\/product\/biomedics-55-evolution\/#primaryimage\",\"url\":\"https:\/\/multi.pixelspace.com.br\/modelo\/wp-content\/uploads\/sites\/25\/2020\/08\/Biomedics-55-Evolution.jpg\",\"contentUrl\":\"https:\/\/multi.pixelspace.com.br\/modelo\/wp-content\/uploads\/sites\/25\/2020\/08\/Biomedics-55-Evolution.jpg\",\"width\":600,\"height\":600,\"caption\":\"Biomedics 55 Evolution, lentes de contato\"},{\"@type\":\"BreadcrumbList\",\"@id\":\"https:\/\/multi.pixelspace.com.br\/modelo\/product\/biomedics-55-evolution\/#breadcrumb\",\"itemListElement\":[{\"@type\":\"ListItem\",\"position\":1,\"name\":\"Home\",\"item\":\"https:\/\/multi.pixelspace.com.br\/modelo\/\"},{\"@type\":\"ListItem\",\"position\":2,\"name\":\"Shop\",\"item\":\"https:\/\/multi.pixelspace.com.br\/modelo\/\"},{\"@type\":\"ListItem\",\"position\":3,\"name\":\"Biomedics 55 Evolution\"}]},{\"@type\":\"WebSite\",\"@id\":\"https:\/\/multi.pixelspace.com.br\/modelo\/#website\",\"url\":\"https:\/\/multi.pixelspace.com.br\/modelo\/\",\"name\":\"Modelo Loja\",\"description\":\"Lentes de Contato para voc\u00ea\",\"potentialAction\":[{\"@type\":\"SearchAction\",\"target\":{\"@type\":\"EntryPoint\",\"urlTemplate\":\"https:\/\/multi.pixelspace.com.br\/modelo\/?s={search_term_string}\"},\"query-input\":\"required name=search_term_string\"}],\"inLanguage\":\"pt-BR\"}]}<\/script>\n<!-- \/ Yoast SEO plugin. -->","yoast_head_json":{"title":"Biomedics 55 Evolution - Lentes de Contato para voc\u00ea - Multilentes","description":"A combina\u00e7\u00e3o perfeita entre qualidade e tradi\u00e7\u00e3o. A Biomedics 55 Evolution possui melhor qualidade de vis\u00e3o, mesmo em baixa luminosidade","robots":{"index":"index","follow":"follow","max-snippet":"max-snippet:-1","max-image-preview":"max-image-preview:large","max-video-preview":"max-video-preview:-1"},"canonical":"https:\/\/multi.pixelspace.com.br\/modelo\/product\/biomedics-55-evolution\/","og_locale":"pt_BR","og_type":"article","og_title":"Biomedics 55 Evolution - Lentes de Contato para voc\u00ea - Multilentes","og_description":"A combina\u00e7\u00e3o perfeita entre qualidade e tradi\u00e7\u00e3o. A Biomedics 55 Evolution possui melhor qualidade de vis\u00e3o, mesmo em baixa luminosidade","og_url":"https:\/\/multi.pixelspace.com.br\/modelo\/product\/biomedics-55-evolution\/","og_site_name":"Modelo Loja","article_modified_time":"2020-11-05T12:05:57+00:00","og_image":[{"width":600,"height":600,"url":"https:\/\/multi.pixelspace.com.br\/modelo\/wp-content\/uploads\/sites\/25\/2020\/08\/Biomedics-55-Evolution.jpg","type":"image\/jpeg"}],"twitter_card":"summary_large_image","twitter_misc":{"Est. tempo de leitura":"1 minuto"},"schema":{"@context":"https:\/\/schema.org","@graph":[{"@type":"WebPage","@id":"https:\/\/multi.pixelspace.com.br\/modelo\/product\/biomedics-55-evolution\/","url":"https:\/\/multi.pixelspace.com.br\/modelo\/product\/biomedics-55-evolution\/","name":"Biomedics 55 Evolution - Lentes de Contato para voc\u00ea - Multilentes","isPartOf":{"@id":"https:\/\/multi.pixelspace.com.br\/modelo\/#website"},"primaryImageOfPage":{"@id":"https:\/\/multi.pixelspace.com.br\/modelo\/product\/biomedics-55-evolution\/#primaryimage"},"image":{"@id":"https:\/\/multi.pixelspace.com.br\/modelo\/product\/biomedics-55-evolution\/#primaryimage"},"thumbnailUrl":"https:\/\/multi.pixelspace.com.br\/modelo\/wp-content\/uploads\/sites\/25\/2020\/08\/Biomedics-55-Evolution.jpg","datePublished":"2020-08-23T14:54:22+00:00","dateModified":"2020-11-05T12:05:57+00:00","description":"A combina\u00e7\u00e3o perfeita entre qualidade e tradi\u00e7\u00e3o. A Biomedics 55 Evolution possui melhor qualidade de vis\u00e3o, mesmo em baixa luminosidade","breadcrumb":{"@id":"https:\/\/multi.pixelspace.com.br\/modelo\/product\/biomedics-55-evolution\/#breadcrumb"},"inLanguage":"pt-BR","potentialAction":[{"@type":"ReadAction","target":["https:\/\/multi.pixelspace.com.br\/modelo\/product\/biomedics-55-evolution\/"]}]},{"@type":"ImageObject","inLanguage":"pt-BR","@id":"https:\/\/multi.pixelspace.com.br\/modelo\/product\/biomedics-55-evolution\/#primaryimage","url":"https:\/\/multi.pixelspace.com.br\/modelo\/wp-content\/uploads\/sites\/25\/2020\/08\/Biomedics-55-Evolution.jpg","contentUrl":"https:\/\/multi.pixelspace.com.br\/modelo\/wp-content\/uploads\/sites\/25\/2020\/08\/Biomedics-55-Evolution.jpg","width":600,"height":600,"caption":"Biomedics 55 Evolution, lentes de contato"},{"@type":"BreadcrumbList","@id":"https:\/\/multi.pixelspace.com.br\/modelo\/product\/biomedics-55-evolution\/#breadcrumb","itemListElement":[{"@type":"ListItem","position":1,"name":"Home","item":"https:\/\/multi.pixelspace.com.br\/modelo\/"},{"@type":"ListItem","position":2,"name":"Shop","item":"https:\/\/multi.pixelspace.com.br\/modelo\/"},{"@type":"ListItem","position":3,"name":"Biomedics 55 Evolution"}]},{"@type":"WebSite","@id":"https:\/\/multi.pixelspace.com.br\/modelo\/#website","url":"https:\/\/multi.pixelspace.com.br\/modelo\/","name":"Modelo Loja","description":"Lentes de Contato para voc\u00ea","potentialAction":[{"@type":"SearchAction","target":{"@type":"EntryPoint","urlTemplate":"https:\/\/multi.pixelspace.com.br\/modelo\/?s={search_term_string}"},"query-input":"required name=search_term_string"}],"inLanguage":"pt-BR"}]}},"_links":{"self":[{"href":"https:\/\/multi.pixelspace.com.br\/modelo\/wp-json\/wp\/v2\/product\/291","targetHints":{"allow":["GET"]}}],"collection":[{"href":"https:\/\/multi.pixelspace.com.br\/modelo\/wp-json\/wp\/v2\/product"}],"about":[{"href":"https:\/\/multi.pixelspace.com.br\/modelo\/wp-json\/wp\/v2\/types\/product"}],"replies":[{"embeddable":true,"href":"https:\/\/multi.pixelspace.com.br\/modelo\/wp-json\/wp\/v2\/comments?post=291"}],"wp:featuredmedia":[{"embeddable":true,"href":"https:\/\/multi.pixelspace.com.br\/modelo\/wp-json\/wp\/v2\/media\/313"}],"wp:attachment":[{"href":"https:\/\/multi.pixelspace.com.br\/modelo\/wp-json\/wp\/v2\/media?parent=291"}],"wp:term":[{"taxonomy":"product_cat","embeddable":true,"href":"https:\/\/multi.pixelspace.com.br\/modelo\/wp-json\/wp\/v2\/product_cat?post=291"},{"taxonomy":"product_tag","embeddable":true,"href":"https:\/\/multi.pixelspace.com.br\/modelo\/wp-json\/wp\/v2\/product_tag?post=291"}],"curies":[{"name":"wp","href":"https:\/\/api.w.org\/{rel}","templated":true}]}}