{"id":110,"date":"2020-08-06T20:06:37","date_gmt":"2020-08-06T20:06:37","guid":{"rendered":"https:\/\/multi.pixelspace.com.br\/multilentes\/?post_type=product&#038;p=110"},"modified":"2024-11-11T06:40:41","modified_gmt":"2024-11-11T06:40:41","slug":"biofinity","status":"publish","type":"product","link":"https:\/\/multi.pixelspace.com.br\/modelo\/product\/biofinity\/","title":{"rendered":"Biofinity"},"content":{"rendered":"<h1>Biofinity<\/h1>\n<p>Lentes de contato gelatinosas de alta qualidade. Conforto diferenciado para uso prolongado.<\/p>\n<h2>Caracter\u00edsticas da Biofinity<\/h2>\n<p>Substitui\u00e7\u00e3o mensal;<br \/>\nAs lentes permanecem naturalmente umectadas e confort\u00e1veis;<br \/>\nNaturalmente umectadas, por isso t\u00eam menor necessidade de uso de gotas lubrificantes adicionais.<\/p>\n<h2>Conforto Excepcional<\/h2>\n<p>Voc\u00ea precisa corrigir a sua vis\u00e3o e busca lentes de contato com um conforto superior que dure at\u00e9 o final do dia \u2014 come\u00e7ando logo pela manh\u00e3 com o seu primeiro caf\u00e9 e prolongando-se at\u00e9 \u00e0 meia-noite quando sai com os amigos?<\/p>\n<p>Conhe\u00e7a as lentes de contato Biofinity da CooperVision, as lentes de contato de silicone hidrogel com excepcional performance em conforto e manuten\u00e7\u00e3o da sa\u00fade ocular. As lentes Biofinity proporcionam-lhe o n\u00edvel de conforto de qualidade superior que procura.<\/p>\n<p>Gra\u00e7as \u00e0 exclusiva tecnologia Aquaform, as lentes de contato Biofinity permitem que seus olhos recebam a quantidade exata de oxig\u00eanio que necessitam sem que a hidrata\u00e7\u00e3o natural da lente desapare\u00e7a. Voc\u00ea desfrutar\u00e1 de uma vis\u00e3o excelente com extremo conforto.<\/p>\n<h2>Indica\u00e7\u00e3o<\/h2>\n<p>A lente BIOFINITY \u00e9 indicada para corre\u00e7\u00e3o de ametropias (miopia e hipermetropia) em pessoas que n\u00e3o tenham doen\u00e7as oculares. O descarte da lente deve ocorrer em 30 dias para o regime de uso di\u00e1rio (retirando as lentes todas as noites), ou em 1 semana (7 dias e 6 noites) para o regime de uso prolongado &#8211; dormindo com as lentes. Caso o regime cont\u00ednuo seja o indicado &#8211; dormindo com as lentes por 30 dias, o descarte dever\u00e1 acontecer no trig\u00e9simo dia. O especialista dever\u00e1 avaliar qual o melhor regime de uso de acordo com a fisiologia ocular e as necessidades de cada usu\u00e1rio.<\/p>\n<h2>Informa\u00e7\u00f5es do Fabricante<\/h2>\n<p>Biofinity \u00e9 uma das lentes \u00e0 base de silicone hidrogel de maior sucesso em todo o mundo. Ela oferece o Equil\u00edbrio Perfeito entre a Oxigena\u00e7\u00e3o e a Hidrata\u00e7\u00e3o, proporcionando Sa\u00fade e Conforto excepcionais. Sua superf\u00edcie anterior \u00e9 asf\u00e9rica e dotada de SNA \u2013 Sistema Neutralizador de Aberra\u00e7\u00f5es, proporcionando uma excelente acuidade visual.<\/p>\n<p>Al\u00e9m disso, \u00e9 a \u00fanica lente de silicone hidrogel que traz a tecnologia patenteada AQUAFORM, na qual o material da lente apresenta umecta\u00e7\u00e3o natural, ou seja, n\u00e3o precisa de tratamentos de superf\u00edcie e nem da adi\u00e7\u00e3o de agentes hidratantes para conferir mais conforto \u00e0 lente. Por isso, com uma taxa de transmissibilidade de oxig\u00eanio e uma quantidade de \u00e1gua superior \u00e0s outras lentes do mercado e tendo um hidratante natural, Biofinity \u00e9 classificada como \u201cNaturalmente, a Melhor dos dois Mundos\u201d. De nada adianta uma lente proporcionar uma \u00f3tima oxigena\u00e7\u00e3o para a c\u00f3rnea se ela n\u00e3o tiver alto conte\u00fado aquoso. Biofinity tem ambos!<\/p>\n<p>Dispon\u00edvel nos graus esf\u00e9ricos: de -0.25 \u00e0 -12.00 e +0.25 \u00e0 +8.00 (escala de 0.50 acima de -6.00).<\/p>\n<h2>Especifica\u00e7\u00f5es da Biofinity<\/h2>\n<p>MARCA: Biofinity<br \/>\nFABRICANTE: CooperVision<br \/>\nINDICA\u00c7\u00c3O: Indicada para corre\u00e7\u00e3o de ametropias (miopia e hipermetropia)<br \/>\nDURA\u00c7\u00c3O: Mensal<br \/>\nQUANTIDADE POR CAIXA: 6<br \/>\nMATERIAL: Silicone Hidrogel<br \/>\nTECNOLOGIA: &#8211;<br \/>\nDESENHO: Esf\u00e9rico<br \/>\nPROTE\u00c7\u00c3O UV: NA<br \/>\nTINTA DE VISIBILIDADE: Sim<br \/>\nCURVA BASE(MM): 8.6<br \/>\nHIDRATA\u00c7\u00c3O: 0.48<br \/>\nDK\/T: 160<br \/>\nDIAM\u00caTRO(MM): 14.0<\/p>\n<p>Mais informa\u00e7\u00f5es sobre o produto: <a href=\"https:\/\/coopervision.com.br\/lentes-de-contacto\/biofinity\" target=\"_blank\" rel=\"noopener noreferrer\">CooperVision<\/a><\/p>\n","protected":false},"excerpt":{"rendered":"<p>Biofinity<br \/>\nLentes de contato gelatinosas de alta qualidade. Conforto diferenciado para uso prolongado.<\/p>\n","protected":false},"featured_media":113,"comment_status":"open","ping_status":"closed","template":"","meta":{"_et_pb_use_builder":"","_et_pb_old_content":"","_et_gb_content_width":"","_joinchat":[]},"product_cat":[18],"product_tag":[],"class_list":{"0":"post-110","1":"product","2":"type-product","3":"status-publish","4":"has-post-thumbnail","6":"product_cat-lentes-de-contato","8":"first","9":"instock","10":"sale","11":"featured","12":"shipping-taxable","13":"purchasable","14":"product-type-simple"},"yoast_head":"<!-- This site is optimized with the Yoast SEO plugin v22.7 - https:\/\/yoast.com\/wordpress\/plugins\/seo\/ -->\n<title>Biofinity - Lentes de Conatato para voc\u00ea - Multilentes<\/title>\n<meta name=\"description\" content=\"Lentes de contato gelatinosas de alta qualidade. As lentes Biofinity possuem conforto diferenciado para uso prolongado.\" \/>\n<meta name=\"robots\" content=\"index, follow, max-snippet:-1, max-image-preview:large, max-video-preview:-1\" \/>\n<link rel=\"canonical\" href=\"https:\/\/multi.pixelspace.com.br\/modelo\/product\/biofinity\/\" \/>\n<meta property=\"og:locale\" content=\"pt_BR\" \/>\n<meta property=\"og:type\" content=\"article\" \/>\n<meta property=\"og:title\" content=\"Biofinity - Lentes de Conatato para voc\u00ea - Multilentes\" \/>\n<meta property=\"og:description\" content=\"Lentes de contato gelatinosas de alta qualidade. As lentes Biofinity possuem conforto diferenciado para uso prolongado.\" \/>\n<meta property=\"og:url\" content=\"https:\/\/multi.pixelspace.com.br\/modelo\/product\/biofinity\/\" \/>\n<meta property=\"og:site_name\" content=\"Modelo Loja\" \/>\n<meta property=\"article:modified_time\" content=\"2024-11-11T06:40:41+00:00\" \/>\n<meta property=\"og:image\" content=\"https:\/\/multi.pixelspace.com.br\/modelo\/wp-content\/uploads\/sites\/25\/2020\/08\/Lente-de-contato-Biofinity-Coopervision-lentesweb.jpg\" \/>\n\t<meta property=\"og:image:width\" content=\"900\" \/>\n\t<meta property=\"og:image:height\" content=\"900\" \/>\n\t<meta property=\"og:image:type\" content=\"image\/jpeg\" \/>\n<meta name=\"twitter:card\" content=\"summary_large_image\" \/>\n<meta name=\"twitter:label1\" content=\"Est. tempo de leitura\" \/>\n\t<meta name=\"twitter:data1\" content=\"3 minutos\" \/>\n<script type=\"application\/ld+json\" class=\"yoast-schema-graph\">{\"@context\":\"https:\/\/schema.org\",\"@graph\":[{\"@type\":\"WebPage\",\"@id\":\"https:\/\/multi.pixelspace.com.br\/modelo\/product\/biofinity\/\",\"url\":\"https:\/\/multi.pixelspace.com.br\/modelo\/product\/biofinity\/\",\"name\":\"Biofinity - Lentes de Conatato para voc\u00ea - Multilentes\",\"isPartOf\":{\"@id\":\"https:\/\/multi.pixelspace.com.br\/modelo\/#website\"},\"primaryImageOfPage\":{\"@id\":\"https:\/\/multi.pixelspace.com.br\/modelo\/product\/biofinity\/#primaryimage\"},\"image\":{\"@id\":\"https:\/\/multi.pixelspace.com.br\/modelo\/product\/biofinity\/#primaryimage\"},\"thumbnailUrl\":\"https:\/\/multi.pixelspace.com.br\/modelo\/wp-content\/uploads\/sites\/25\/2020\/08\/Lente-de-contato-Biofinity-Coopervision-lentesweb.jpg\",\"datePublished\":\"2020-08-06T20:06:37+00:00\",\"dateModified\":\"2024-11-11T06:40:41+00:00\",\"description\":\"Lentes de contato gelatinosas de alta qualidade. As lentes Biofinity possuem conforto diferenciado para uso prolongado.\",\"breadcrumb\":{\"@id\":\"https:\/\/multi.pixelspace.com.br\/modelo\/product\/biofinity\/#breadcrumb\"},\"inLanguage\":\"pt-BR\",\"potentialAction\":[{\"@type\":\"ReadAction\",\"target\":[\"https:\/\/multi.pixelspace.com.br\/modelo\/product\/biofinity\/\"]}]},{\"@type\":\"ImageObject\",\"inLanguage\":\"pt-BR\",\"@id\":\"https:\/\/multi.pixelspace.com.br\/modelo\/product\/biofinity\/#primaryimage\",\"url\":\"https:\/\/multi.pixelspace.com.br\/modelo\/wp-content\/uploads\/sites\/25\/2020\/08\/Lente-de-contato-Biofinity-Coopervision-lentesweb.jpg\",\"contentUrl\":\"https:\/\/multi.pixelspace.com.br\/modelo\/wp-content\/uploads\/sites\/25\/2020\/08\/Lente-de-contato-Biofinity-Coopervision-lentesweb.jpg\",\"width\":900,\"height\":900,\"caption\":\"Biofinity, lentes de contato\"},{\"@type\":\"BreadcrumbList\",\"@id\":\"https:\/\/multi.pixelspace.com.br\/modelo\/product\/biofinity\/#breadcrumb\",\"itemListElement\":[{\"@type\":\"ListItem\",\"position\":1,\"name\":\"Home\",\"item\":\"https:\/\/multi.pixelspace.com.br\/modelo\/\"},{\"@type\":\"ListItem\",\"position\":2,\"name\":\"Shop\",\"item\":\"https:\/\/multi.pixelspace.com.br\/modelo\/\"},{\"@type\":\"ListItem\",\"position\":3,\"name\":\"Biofinity\"}]},{\"@type\":\"WebSite\",\"@id\":\"https:\/\/multi.pixelspace.com.br\/modelo\/#website\",\"url\":\"https:\/\/multi.pixelspace.com.br\/modelo\/\",\"name\":\"Modelo Loja\",\"description\":\"Lentes de Contato para voc\u00ea\",\"potentialAction\":[{\"@type\":\"SearchAction\",\"target\":{\"@type\":\"EntryPoint\",\"urlTemplate\":\"https:\/\/multi.pixelspace.com.br\/modelo\/?s={search_term_string}\"},\"query-input\":\"required name=search_term_string\"}],\"inLanguage\":\"pt-BR\"}]}<\/script>\n<!-- \/ Yoast SEO plugin. -->","yoast_head_json":{"title":"Biofinity - Lentes de Conatato para voc\u00ea - Multilentes","description":"Lentes de contato gelatinosas de alta qualidade. As lentes Biofinity possuem conforto diferenciado para uso prolongado.","robots":{"index":"index","follow":"follow","max-snippet":"max-snippet:-1","max-image-preview":"max-image-preview:large","max-video-preview":"max-video-preview:-1"},"canonical":"https:\/\/multi.pixelspace.com.br\/modelo\/product\/biofinity\/","og_locale":"pt_BR","og_type":"article","og_title":"Biofinity - Lentes de Conatato para voc\u00ea - Multilentes","og_description":"Lentes de contato gelatinosas de alta qualidade. As lentes Biofinity possuem conforto diferenciado para uso prolongado.","og_url":"https:\/\/multi.pixelspace.com.br\/modelo\/product\/biofinity\/","og_site_name":"Modelo Loja","article_modified_time":"2024-11-11T06:40:41+00:00","og_image":[{"width":900,"height":900,"url":"https:\/\/multi.pixelspace.com.br\/modelo\/wp-content\/uploads\/sites\/25\/2020\/08\/Lente-de-contato-Biofinity-Coopervision-lentesweb.jpg","type":"image\/jpeg"}],"twitter_card":"summary_large_image","twitter_misc":{"Est. tempo de leitura":"3 minutos"},"schema":{"@context":"https:\/\/schema.org","@graph":[{"@type":"WebPage","@id":"https:\/\/multi.pixelspace.com.br\/modelo\/product\/biofinity\/","url":"https:\/\/multi.pixelspace.com.br\/modelo\/product\/biofinity\/","name":"Biofinity - Lentes de Conatato para voc\u00ea - Multilentes","isPartOf":{"@id":"https:\/\/multi.pixelspace.com.br\/modelo\/#website"},"primaryImageOfPage":{"@id":"https:\/\/multi.pixelspace.com.br\/modelo\/product\/biofinity\/#primaryimage"},"image":{"@id":"https:\/\/multi.pixelspace.com.br\/modelo\/product\/biofinity\/#primaryimage"},"thumbnailUrl":"https:\/\/multi.pixelspace.com.br\/modelo\/wp-content\/uploads\/sites\/25\/2020\/08\/Lente-de-contato-Biofinity-Coopervision-lentesweb.jpg","datePublished":"2020-08-06T20:06:37+00:00","dateModified":"2024-11-11T06:40:41+00:00","description":"Lentes de contato gelatinosas de alta qualidade. As lentes Biofinity possuem conforto diferenciado para uso prolongado.","breadcrumb":{"@id":"https:\/\/multi.pixelspace.com.br\/modelo\/product\/biofinity\/#breadcrumb"},"inLanguage":"pt-BR","potentialAction":[{"@type":"ReadAction","target":["https:\/\/multi.pixelspace.com.br\/modelo\/product\/biofinity\/"]}]},{"@type":"ImageObject","inLanguage":"pt-BR","@id":"https:\/\/multi.pixelspace.com.br\/modelo\/product\/biofinity\/#primaryimage","url":"https:\/\/multi.pixelspace.com.br\/modelo\/wp-content\/uploads\/sites\/25\/2020\/08\/Lente-de-contato-Biofinity-Coopervision-lentesweb.jpg","contentUrl":"https:\/\/multi.pixelspace.com.br\/modelo\/wp-content\/uploads\/sites\/25\/2020\/08\/Lente-de-contato-Biofinity-Coopervision-lentesweb.jpg","width":900,"height":900,"caption":"Biofinity, lentes de contato"},{"@type":"BreadcrumbList","@id":"https:\/\/multi.pixelspace.com.br\/modelo\/product\/biofinity\/#breadcrumb","itemListElement":[{"@type":"ListItem","position":1,"name":"Home","item":"https:\/\/multi.pixelspace.com.br\/modelo\/"},{"@type":"ListItem","position":2,"name":"Shop","item":"https:\/\/multi.pixelspace.com.br\/modelo\/"},{"@type":"ListItem","position":3,"name":"Biofinity"}]},{"@type":"WebSite","@id":"https:\/\/multi.pixelspace.com.br\/modelo\/#website","url":"https:\/\/multi.pixelspace.com.br\/modelo\/","name":"Modelo Loja","description":"Lentes de Contato para voc\u00ea","potentialAction":[{"@type":"SearchAction","target":{"@type":"EntryPoint","urlTemplate":"https:\/\/multi.pixelspace.com.br\/modelo\/?s={search_term_string}"},"query-input":"required name=search_term_string"}],"inLanguage":"pt-BR"}]}},"_links":{"self":[{"href":"https:\/\/multi.pixelspace.com.br\/modelo\/wp-json\/wp\/v2\/product\/110","targetHints":{"allow":["GET"]}}],"collection":[{"href":"https:\/\/multi.pixelspace.com.br\/modelo\/wp-json\/wp\/v2\/product"}],"about":[{"href":"https:\/\/multi.pixelspace.com.br\/modelo\/wp-json\/wp\/v2\/types\/product"}],"replies":[{"embeddable":true,"href":"https:\/\/multi.pixelspace.com.br\/modelo\/wp-json\/wp\/v2\/comments?post=110"}],"wp:featuredmedia":[{"embeddable":true,"href":"https:\/\/multi.pixelspace.com.br\/modelo\/wp-json\/wp\/v2\/media\/113"}],"wp:attachment":[{"href":"https:\/\/multi.pixelspace.com.br\/modelo\/wp-json\/wp\/v2\/media?parent=110"}],"wp:term":[{"taxonomy":"product_cat","embeddable":true,"href":"https:\/\/multi.pixelspace.com.br\/modelo\/wp-json\/wp\/v2\/product_cat?post=110"},{"taxonomy":"product_tag","embeddable":true,"href":"https:\/\/multi.pixelspace.com.br\/modelo\/wp-json\/wp\/v2\/product_tag?post=110"}],"curies":[{"name":"wp","href":"https:\/\/api.w.org\/{rel}","templated":true}]}}