{"id":8,"date":"2017-12-01T19:21:59","date_gmt":"2017-12-01T19:21:59","guid":{"rendered":"http:\/\/multi.pixelspace.com.br\/daniel\/mesmerize\/"},"modified":"2018-03-03T23:31:25","modified_gmt":"2018-03-03T23:31:25","slug":"home","status":"publish","type":"page","link":"https:\/\/multi.pixelspace.com.br\/daniel\/","title":{"rendered":"HOME"},"content":{"rendered":"<div  id=\"overlappable-4\" style=\"background-color: #ffffff;\" data-label=\"Overlappable\" data-id=\"overlappable-4\" data-export-id=\"overlappable-4\" data-category=\"overlappable\" class=\"overlappable-4 content-section content-section-spacing\" data-overlap=\"true\">\n  <div  class=\"gridContainer\">\n    <div  data-type=\"row\" class=\"row spaced-cols text-center\">\n      <div  class=\"col-xs-12 col-sm-4 col-padding\"> <i  class=\"fa icon shadow-large-black aligncenter color1 fa-plug reverse round large\"> <\/i>\n        <div  data-type=\"column\" class=\"\">\n          <h5  class=\"\">REPAROS EL\u00c9TRICOS<\/h5>\n        <\/div>\n      <\/div>\n      <div  class=\"col-xs-12 col-sm-4 col-padding\"> <i  class=\"fa icon shadow-large-black aligncenter color1 fa-home reverse round large\"> <\/i>\n        <div  data-type=\"column\" class=\"\">\n          <h5  class=\"\">REFORMAS RESIDENCIAIS<\/h5>\n        <\/div>\n      <\/div>\n      <div  class=\"col-xs-12 col-sm-4 col-padding\"> <i  class=\"fa icon shadow-large-black aligncenter color1 fa-wrench reverse round large\"> <\/i>\n        <div  data-type=\"column\" class=\"\">\n          <h5  class=\"\">CONSERTOS HIDR\u00c1ULICOS<\/h5>\n        <\/div>\n      <\/div>\n    <\/div>\n  <\/div>\n<\/div><div  data-label=\"About\" data-id=\"about-9\" data-export-id=\"about-9\" data-category=\"about\" class=\"about-9 content-section content-section-spacing\" id=\"about-10\" style=\"background-color: rgb(245, 250, 253); background-image: none;\">\n  <div  class=\"gridContainer\">\n    <div  class=\"row middle-sm text-center\">\n      <div  class=\"col-sm-5 space-bottom-xs content-column content-right-sm\" data-type=\"column\">\n        <h5  class=\"\">RESOLVA SEU PROBLEMA HOJE<\/h5>\n        <h2  class=\"\"> Problemas<br ><span  style=\"font-family: Playfair Display, sans-serif; font-weight: 700; font-style: italic;\" href=\"#\">el\u00e9tricos ou pequenos danos&nbsp;<\/span>que precisam de conserto?<\/h2>\n        <p  class=\"\"> Com Daniel Valdez Manuten\u00e7\u00f5es voc\u00ea sempre ir\u00e1 encontrar um servi\u00e7o de qualidade \u00e0 um pre\u00e7o justo!<\/p> <a  class=\"button color1\" href=\"#contato\" target=\"_self\"> PE\u00c7A UM OR\u00c7AMENTO AGORA <\/a> <\/div>\n      <div  class=\"col-sm-7 flexbox flexbox middle-xs center-xs\">\n        <div  class=\"overlay-box flexbox middle-xs center-xs overlay-holder \">\n          <div  class=\"overlay-box-offset offset-background shadow-medium bg-color2 hide-xs\"><\/div> <img decoding=\"async\"  class=\"flexbox shadow-large img1\" src=\"https:\/\/multi.pixelspace.com.br\/daniel\/wp-content\/uploads\/sites\/5\/2017\/12\/construction.jpg\"> <\/div>\n      <\/div>\n    <\/div>\n  <\/div>\n<\/div><div  data-label=\"Features\" data-id=\"features-12\" data-export-id=\"features-12\" data-category=\"features\" class=\"features-12 content-section content-section-spacing\" id=\"servicos\" style=\"background-color: rgb(255, 255, 255); background-image: none;\">\n  <div  class=\"gridContainer\">\n    <div  class=\"row text-center\">\n      <div  class=\"section-title-col\" data-type=\"column\">\n        <h2  class=\"\"> Nossos Servi\u00e7os<\/h2>\n        <p  class=\"lead\"> Precisando de uma reforma geral em seu apartamento, coloca\u00e7\u00e3o de piso, teto de gesso ou reparos el\u00e9tricos? N\u00e3o tem problemas, pois resolvemos \u00e0 esses problemas e muitos outros!<\/p>\n      <\/div>\n    <\/div>\n    <div  class=\"row spaced-cols\" data-type=\"row\">\n      <div  class=\"col-sm-6 col-md-4 \">\n        <div  class=\"row space-bottom\">\n          <div  class=\"col-sm-fit icon-column\"> <i  class=\"fa icon color2 fa-building-o bordered round\"> <\/i> <\/div>\n          <div  class=\"col-sm\" data-type=\"column\">\n            <h5  class=\"color2\"> REFORMAS<\/h5>\n            <p  class=\"\"> Precisando de uma reforma em sua residencia ou empresa? Aplica\u00e7\u00e3o de piso, teto de gesso, instala\u00e7\u00f5es de portas e janelas? Atendemos!<\/p>\n          <\/div>\n        <\/div>\n      <\/div>\n      <div  class=\"col-sm-6 col-md-4 \">\n        <div  class=\"row space-bottom\">\n          <div  class=\"col-sm-fit icon-column\"> <i  class=\"fa icon color2 fa-plug bordered round\"> <\/i> <\/div>\n          <div  class=\"col-sm\" data-type=\"column\">\n            <h5  class=\"color2\"> EL\u00c9TRICA<\/h5>\n            <p  class=\"\"> Precisando refazer a fia\u00e7\u00e3o de sua casa ou estabelecimento? Instala\u00e7\u00e3o de tomadas ou qualquer reparo el\u00e9trico? Sem problemas.<\/p>\n          <\/div>\n        <\/div>\n      <\/div>\n      <div  class=\"col-sm-6 col-md-4 \">\n        <div  class=\"row space-bottom\">\n          <div  class=\"col-sm-fit icon-column\"> <i  class=\"fa icon color2 fa-wrench bordered round\"> <\/i> <\/div>\n          <div  class=\"col-sm\" data-type=\"column\">\n            <h5  class=\"color2\"> HIDR\u00c1ULICA<\/h5>\n            <p  class=\"\"> Seu cano furou naquela instala\u00e7\u00e3o caseira? Sem problemas, estaremos em sua casa em alguns minutos para resolver o seu problema.<\/p>\n          <\/div>\n        <\/div>\n      <\/div>\n    <\/div>\n  <\/div>\n<\/div><div  id=\"cta-1\" data-label=\"Cta\" data-id=\"cta-blue-section\" data-export-id=\"cta-blue-section\" data-category=\"cta\" class=\"cta-blue-section content-section content-section-spacing-medium bg-color1 white-text\">\n  <div  class=\"gridContainer\">\n    <div  class=\"row middle-xs\">\n      <div  class=\"col-sm-8 space-bottom-xs\" data-type=\"column\">\n        <h2  class=\"\">Entre em contato! <span  class=\"font-300\">Resolva seu problema hoje!<\/span><\/h2>\n      <\/div>\n      <div  class=\"col-sm-4 end-sm\" data-type=\"column\"> <a  class=\"button color2\" href=\"#contato\" target=\"_self\"> ENTRAR EM CONTATO <\/a> <\/div>\n    <\/div>\n  <\/div>\n<\/div><div  id=\"depoimentos\" data-label=\"Testimonials\" data-id=\"testimonials-1\" data-export-id=\"testimonials-1\" data-category=\"testimonials\" class=\"testimonials-1 content-section content-section-spacing\" style=\"background-color: rgb(255, 255, 255); background-image: none;\">\n  <div  class=\"gridContainer\">\n    <div  class=\"row\">\n      <div  data-type=\"column\" class=\"section-title-col\">\n        <h2  class=\"\">Depoimentos de Clientes<\/h2>\n        <p  class=\"lead\"> N\u00e3o ou\u00e7a apenas a n\u00f3s, veja o que nossos clientes dizem:<\/p>\n      <\/div>\n    <\/div>\n    <div  class=\"row spaced-cols content-center-sm\" data-type=\"row\">\n      <div  class=\"col-sm-4 col-md-6\"> <i  class=\"fa fa-quote-right icon color1 small\"><\/i>\n        <p  class=\"\">Atendimento excelente! Bem feito e com pre\u00e7o justo. Profissionais sempre buscando uma maneira melhor de te atender. Recomendo!<\/p> <img decoding=\"async\"  src=\"https:\/\/multi.pixelspace.com.br\/daniel\/wp-content\/uploads\/sites\/5\/2017\/12\/lucas.jpg\" class=\"round icon hoverZoomLink\">\n        <h5  class=\"\">Lucas<\/h5>\n      <\/div>\n      <div  class=\"col-sm-4 col-md-6\"> <i  class=\"fa fa-quote-right icon color1 small\"><\/i>\n        <p  class=\"\">\u00d3timo profissional, extremamente prestativo e zeloso com o trabalho, de muita responsabilidade!<br >Indico e recomendado.<\/p> <img decoding=\"async\"  src=\"https:\/\/multi.pixelspace.com.br\/daniel\/wp-content\/uploads\/sites\/5\/2017\/12\/josi.jpg\" class=\"round icon hoverZoomLink\">\n        <h5  class=\"\">Josi<\/h5>\n      <\/div>\n      \n    <\/div>\n  <\/div>\n<\/div><div  id=\"contato\" data-label=\"Contact\" data-id=\"contact-1\" data-export-id=\"contact-1\" data-category=\"contact\" class=\"contact-1 content-section content-section-spacing white-text\" data-parallax-depth=\"20\" style=\"background-size: cover; background-position: center top; background-image: url(&quot;https:\/\/danielvaldez.com.br\/wp-content\/uploads\/sites\/5\/2017\/12\/bricks.jpg&quot;);\">\n  <div  class=\"gridContainer\">\n    <div  class=\"row text-center\">\n      <div  class=\"section-title-col\" data-type=\"column\">\n        <h2  class=\"\"> Entre em Contato<\/h2>\n        <p  class=\"lead\"> Precisando de um or\u00e7amento? Mande um email ou ligue:<\/p>\n        <p  class=\"\">Telefone para contato: (51) 99570.4034<\/p>\n      <\/div>\n    <\/div>\n    <div  class=\"row text-center\">\n      <div  class=\"col-xs-12 col-sm-8 col-sm-offset-2 contact-form-wrapper inline-info\">\n        <div  class=\"card large-padding\">\n          <div  class=\"\" data-content-shortcode=\"mesmerize_contact_form shortcode=&quot;contact-form-7 id=&amp;amp;quot;7&amp;amp;quot; title=&amp;amp;quot;Formul\u00e1rio de contato 1&amp;amp;quot;&quot;\" data-editable=\"true\">\n<div class=\"wpcf7 no-js\" id=\"wpcf7-f7-o1\" lang=\"pt-BR\" dir=\"ltr\">\n<div class=\"screen-reader-response\"><p role=\"status\" aria-live=\"polite\" aria-atomic=\"true\"><\/p> <ul><\/ul><\/div>\n<form action=\"\/daniel\/wp-json\/wp\/v2\/pages\/8#wpcf7-f7-o1\" method=\"post\" class=\"wpcf7-form init\" aria-label=\"Formul\u00e1rios de contato\" novalidate=\"novalidate\" data-status=\"init\">\n<div style=\"display: none;\">\n<input type=\"hidden\" name=\"_wpcf7\" value=\"7\" \/>\n<input type=\"hidden\" name=\"_wpcf7_version\" value=\"5.9.4\" \/>\n<input type=\"hidden\" name=\"_wpcf7_locale\" value=\"pt_BR\" \/>\n<input type=\"hidden\" name=\"_wpcf7_unit_tag\" value=\"wpcf7-f7-o1\" \/>\n<input type=\"hidden\" name=\"_wpcf7_container_post\" value=\"0\" \/>\n<input type=\"hidden\" name=\"_wpcf7_posted_data_hash\" value=\"\" \/>\n<\/div>\n<p><label> Seu nome (obrigat\u00f3rio)<br \/>\n<span class=\"wpcf7-form-control-wrap\" data-name=\"your-name\"><input size=\"40\" class=\"wpcf7-form-control wpcf7-text wpcf7-validates-as-required\" aria-required=\"true\" aria-invalid=\"false\" value=\"\" type=\"text\" name=\"your-name\" \/><\/span> <\/label>\n<\/p>\n<p><label> Seu e-mail (obrigat\u00f3rio)<br \/>\n<span class=\"wpcf7-form-control-wrap\" data-name=\"your-email\"><input size=\"40\" class=\"wpcf7-form-control wpcf7-email wpcf7-validates-as-required wpcf7-text wpcf7-validates-as-email\" aria-required=\"true\" aria-invalid=\"false\" value=\"\" type=\"email\" name=\"your-email\" \/><\/span> <\/label>\n<\/p>\n<p><label> Assunto<br \/>\n<span class=\"wpcf7-form-control-wrap\" data-name=\"your-subject\"><input size=\"40\" class=\"wpcf7-form-control wpcf7-text\" aria-invalid=\"false\" value=\"\" type=\"text\" name=\"your-subject\" \/><\/span> <\/label>\n<\/p>\n<p><label> Sua mensagem<br \/>\n<span class=\"wpcf7-form-control-wrap\" data-name=\"your-message\"><textarea cols=\"40\" rows=\"10\" class=\"wpcf7-form-control wpcf7-textarea\" aria-invalid=\"false\" name=\"your-message\"><\/textarea><\/span> <\/label>\n<\/p>\n<p><input class=\"wpcf7-form-control wpcf7-submit has-spinner\" type=\"submit\" value=\"Enviar\" \/>\n<\/p><p style=\"display: none !important;\" class=\"akismet-fields-container\" data-prefix=\"_wpcf7_ak_\"><label>&#916;<textarea name=\"_wpcf7_ak_hp_textarea\" cols=\"45\" rows=\"8\" maxlength=\"100\"><\/textarea><\/label><input type=\"hidden\" id=\"ak_js_1\" name=\"_wpcf7_ak_js\" value=\"174\"\/><script>document.getElementById( \"ak_js_1\" ).setAttribute( \"value\", ( new Date() ).getTime() );<\/script><\/p><div class=\"wpcf7-response-output\" aria-hidden=\"true\"><\/div>\n<\/form>\n<\/div>\n<\/div>\n        <\/div>\n      <\/div>\n    <\/div>\n  <\/div>\n<\/div>","protected":false},"excerpt":{"rendered":"<p>REPAROS EL\u00c9TRICOS REFORMAS RESIDENCIAIS CONSERTOS HIDR\u00c1ULICOS RESOLVA SEU PROBLEMA HOJE Problemasel\u00e9tricos ou pequenos danos&nbsp;que precisam de conserto? Com Daniel Valdez Manuten\u00e7\u00f5es voc\u00ea sempre ir\u00e1 encontrar um servi\u00e7o de qualidade \u00e0 um pre\u00e7o justo! PE\u00c7A UM OR\u00c7AMENTO AGORA Nossos Servi\u00e7os Precisando de uma reforma geral em seu apartamento, coloca\u00e7\u00e3o de piso, teto de gesso ou reparos&hellip; <br \/> <a class=\"read-more\" href=\"https:\/\/multi.pixelspace.com.br\/daniel\/\">Leia mais<\/a><\/p>\n","protected":false},"author":1,"featured_media":0,"parent":0,"menu_order":0,"comment_status":"closed","ping_status":"closed","template":"page-templates\/homepage.php","meta":{"footnotes":""},"class_list":["post-8","page","type-page","status-publish","hentry"],"yoast_head":"<!-- This site is optimized with the Yoast SEO plugin v22.7 - https:\/\/yoast.com\/wordpress\/plugins\/seo\/ -->\n<title>Daniel Valdez Reformas &amp; Manuten\u00e7\u00f5es<\/title>\n<meta name=\"description\" content=\"Daniel Valdez Reformas &amp; Manuten\u00e7\u00f5es. Precisando fazer uma reforma? Algum reparo el\u00e9trico, estrutura de gesso ou qualquer outro problema? Temos a solu\u00e7\u00e3o.\" \/>\n<meta name=\"robots\" content=\"index, follow, max-snippet:-1, max-image-preview:large, max-video-preview:-1\" \/>\n<link rel=\"canonical\" href=\"https:\/\/multi.pixelspace.com.br\/daniel\/\" \/>\n<meta property=\"og:locale\" content=\"pt_BR\" \/>\n<meta property=\"og:type\" content=\"article\" \/>\n<meta property=\"og:title\" content=\"Daniel Valdez Reformas &amp; Manuten\u00e7\u00f5es\" \/>\n<meta property=\"og:description\" content=\"Daniel Valdez Reformas &amp; Manuten\u00e7\u00f5es. Precisando fazer uma reforma? Algum reparo el\u00e9trico, estrutura de gesso ou qualquer outro problema? Temos a solu\u00e7\u00e3o.\" \/>\n<meta property=\"og:url\" content=\"https:\/\/multi.pixelspace.com.br\/daniel\/\" \/>\n<meta property=\"og:site_name\" content=\"Daniel Valdez\" \/>\n<meta property=\"article:modified_time\" content=\"2018-03-03T23:31:25+00:00\" \/>\n<meta property=\"og:image\" content=\"https:\/\/multi.pixelspace.com.br\/daniel\/wp-content\/uploads\/sites\/5\/2017\/12\/construction.jpg\" \/>\n<meta name=\"twitter:card\" content=\"summary_large_image\" \/>\n<meta name=\"twitter:label1\" content=\"Est. tempo de leitura\" \/>\n\t<meta name=\"twitter:data1\" content=\"1 minuto\" \/>\n<script type=\"application\/ld+json\" class=\"yoast-schema-graph\">{\"@context\":\"https:\/\/schema.org\",\"@graph\":[{\"@type\":\"WebPage\",\"@id\":\"https:\/\/multi.pixelspace.com.br\/daniel\/\",\"url\":\"https:\/\/multi.pixelspace.com.br\/daniel\/\",\"name\":\"Daniel Valdez Reformas & Manuten\u00e7\u00f5es\",\"isPartOf\":{\"@id\":\"https:\/\/multi.pixelspace.com.br\/daniel\/#website\"},\"primaryImageOfPage\":{\"@id\":\"https:\/\/multi.pixelspace.com.br\/daniel\/#primaryimage\"},\"image\":{\"@id\":\"https:\/\/multi.pixelspace.com.br\/daniel\/#primaryimage\"},\"thumbnailUrl\":\"https:\/\/multi.pixelspace.com.br\/daniel\/wp-content\/uploads\/sites\/5\/2017\/12\/construction.jpg\",\"datePublished\":\"2017-12-01T19:21:59+00:00\",\"dateModified\":\"2018-03-03T23:31:25+00:00\",\"description\":\"Daniel Valdez Reformas & Manuten\u00e7\u00f5es. Precisando fazer uma reforma? Algum reparo el\u00e9trico, estrutura de gesso ou qualquer outro problema? Temos a solu\u00e7\u00e3o.\",\"breadcrumb\":{\"@id\":\"https:\/\/multi.pixelspace.com.br\/daniel\/#breadcrumb\"},\"inLanguage\":\"pt-BR\",\"potentialAction\":[{\"@type\":\"ReadAction\",\"target\":[\"https:\/\/multi.pixelspace.com.br\/daniel\/\"]}]},{\"@type\":\"ImageObject\",\"inLanguage\":\"pt-BR\",\"@id\":\"https:\/\/multi.pixelspace.com.br\/daniel\/#primaryimage\",\"url\":\"https:\/\/multi.pixelspace.com.br\/daniel\/wp-content\/uploads\/sites\/5\/2017\/12\/construction.jpg\",\"contentUrl\":\"https:\/\/multi.pixelspace.com.br\/daniel\/wp-content\/uploads\/sites\/5\/2017\/12\/construction.jpg\",\"width\":3000,\"height\":1889,\"caption\":\"construction drafts and tools background\"},{\"@type\":\"BreadcrumbList\",\"@id\":\"https:\/\/multi.pixelspace.com.br\/daniel\/#breadcrumb\",\"itemListElement\":[{\"@type\":\"ListItem\",\"position\":1,\"name\":\"Home\",\"item\":\"https:\/\/multi.pixelspace.com.br\/daniel\/\"},{\"@type\":\"ListItem\",\"position\":2,\"name\":\"HOME\"}]},{\"@type\":\"WebSite\",\"@id\":\"https:\/\/multi.pixelspace.com.br\/daniel\/#website\",\"url\":\"https:\/\/multi.pixelspace.com.br\/daniel\/\",\"name\":\"Daniel Valdez\",\"description\":\"Daniel Valdez Reformas Manuten\u00e7\u00f5es. Precisando fazer uma reforma? Algum reparo el\u00e9trico, pintura, estrutura de gesso ou qualquer outro problema? Somos a solu\u00e7\u00e3o.\",\"publisher\":{\"@id\":\"https:\/\/multi.pixelspace.com.br\/daniel\/#organization\"},\"potentialAction\":[{\"@type\":\"SearchAction\",\"target\":{\"@type\":\"EntryPoint\",\"urlTemplate\":\"https:\/\/multi.pixelspace.com.br\/daniel\/?s={search_term_string}\"},\"query-input\":\"required name=search_term_string\"}],\"inLanguage\":\"pt-BR\"},{\"@type\":\"Organization\",\"@id\":\"https:\/\/multi.pixelspace.com.br\/daniel\/#organization\",\"name\":\"Daniel Valdez\",\"url\":\"https:\/\/multi.pixelspace.com.br\/daniel\/\",\"logo\":{\"@type\":\"ImageObject\",\"inLanguage\":\"pt-BR\",\"@id\":\"https:\/\/multi.pixelspace.com.br\/daniel\/#\/schema\/logo\/image\/\",\"url\":\"https:\/\/multi.pixelspace.com.br\/daniel\/wp-content\/uploads\/sites\/5\/2017\/12\/logo-07-1.png\",\"contentUrl\":\"https:\/\/multi.pixelspace.com.br\/daniel\/wp-content\/uploads\/sites\/5\/2017\/12\/logo-07-1.png\",\"width\":489,\"height\":150,\"caption\":\"Daniel Valdez\"},\"image\":{\"@id\":\"https:\/\/multi.pixelspace.com.br\/daniel\/#\/schema\/logo\/image\/\"}}]}<\/script>\n<!-- \/ Yoast SEO plugin. -->","yoast_head_json":{"title":"Daniel Valdez Reformas & Manuten\u00e7\u00f5es","description":"Daniel Valdez Reformas & Manuten\u00e7\u00f5es. Precisando fazer uma reforma? Algum reparo el\u00e9trico, estrutura de gesso ou qualquer outro problema? Temos a solu\u00e7\u00e3o.","robots":{"index":"index","follow":"follow","max-snippet":"max-snippet:-1","max-image-preview":"max-image-preview:large","max-video-preview":"max-video-preview:-1"},"canonical":"https:\/\/multi.pixelspace.com.br\/daniel\/","og_locale":"pt_BR","og_type":"article","og_title":"Daniel Valdez Reformas & Manuten\u00e7\u00f5es","og_description":"Daniel Valdez Reformas & Manuten\u00e7\u00f5es. Precisando fazer uma reforma? Algum reparo el\u00e9trico, estrutura de gesso ou qualquer outro problema? Temos a solu\u00e7\u00e3o.","og_url":"https:\/\/multi.pixelspace.com.br\/daniel\/","og_site_name":"Daniel Valdez","article_modified_time":"2018-03-03T23:31:25+00:00","og_image":[{"url":"https:\/\/multi.pixelspace.com.br\/daniel\/wp-content\/uploads\/sites\/5\/2017\/12\/construction.jpg"}],"twitter_card":"summary_large_image","twitter_misc":{"Est. tempo de leitura":"1 minuto"},"schema":{"@context":"https:\/\/schema.org","@graph":[{"@type":"WebPage","@id":"https:\/\/multi.pixelspace.com.br\/daniel\/","url":"https:\/\/multi.pixelspace.com.br\/daniel\/","name":"Daniel Valdez Reformas & Manuten\u00e7\u00f5es","isPartOf":{"@id":"https:\/\/multi.pixelspace.com.br\/daniel\/#website"},"primaryImageOfPage":{"@id":"https:\/\/multi.pixelspace.com.br\/daniel\/#primaryimage"},"image":{"@id":"https:\/\/multi.pixelspace.com.br\/daniel\/#primaryimage"},"thumbnailUrl":"https:\/\/multi.pixelspace.com.br\/daniel\/wp-content\/uploads\/sites\/5\/2017\/12\/construction.jpg","datePublished":"2017-12-01T19:21:59+00:00","dateModified":"2018-03-03T23:31:25+00:00","description":"Daniel Valdez Reformas & Manuten\u00e7\u00f5es. Precisando fazer uma reforma? Algum reparo el\u00e9trico, estrutura de gesso ou qualquer outro problema? Temos a solu\u00e7\u00e3o.","breadcrumb":{"@id":"https:\/\/multi.pixelspace.com.br\/daniel\/#breadcrumb"},"inLanguage":"pt-BR","potentialAction":[{"@type":"ReadAction","target":["https:\/\/multi.pixelspace.com.br\/daniel\/"]}]},{"@type":"ImageObject","inLanguage":"pt-BR","@id":"https:\/\/multi.pixelspace.com.br\/daniel\/#primaryimage","url":"https:\/\/multi.pixelspace.com.br\/daniel\/wp-content\/uploads\/sites\/5\/2017\/12\/construction.jpg","contentUrl":"https:\/\/multi.pixelspace.com.br\/daniel\/wp-content\/uploads\/sites\/5\/2017\/12\/construction.jpg","width":3000,"height":1889,"caption":"construction drafts and tools background"},{"@type":"BreadcrumbList","@id":"https:\/\/multi.pixelspace.com.br\/daniel\/#breadcrumb","itemListElement":[{"@type":"ListItem","position":1,"name":"Home","item":"https:\/\/multi.pixelspace.com.br\/daniel\/"},{"@type":"ListItem","position":2,"name":"HOME"}]},{"@type":"WebSite","@id":"https:\/\/multi.pixelspace.com.br\/daniel\/#website","url":"https:\/\/multi.pixelspace.com.br\/daniel\/","name":"Daniel Valdez","description":"Daniel Valdez Reformas Manuten\u00e7\u00f5es. Precisando fazer uma reforma? Algum reparo el\u00e9trico, pintura, estrutura de gesso ou qualquer outro problema? Somos a solu\u00e7\u00e3o.","publisher":{"@id":"https:\/\/multi.pixelspace.com.br\/daniel\/#organization"},"potentialAction":[{"@type":"SearchAction","target":{"@type":"EntryPoint","urlTemplate":"https:\/\/multi.pixelspace.com.br\/daniel\/?s={search_term_string}"},"query-input":"required name=search_term_string"}],"inLanguage":"pt-BR"},{"@type":"Organization","@id":"https:\/\/multi.pixelspace.com.br\/daniel\/#organization","name":"Daniel Valdez","url":"https:\/\/multi.pixelspace.com.br\/daniel\/","logo":{"@type":"ImageObject","inLanguage":"pt-BR","@id":"https:\/\/multi.pixelspace.com.br\/daniel\/#\/schema\/logo\/image\/","url":"https:\/\/multi.pixelspace.com.br\/daniel\/wp-content\/uploads\/sites\/5\/2017\/12\/logo-07-1.png","contentUrl":"https:\/\/multi.pixelspace.com.br\/daniel\/wp-content\/uploads\/sites\/5\/2017\/12\/logo-07-1.png","width":489,"height":150,"caption":"Daniel Valdez"},"image":{"@id":"https:\/\/multi.pixelspace.com.br\/daniel\/#\/schema\/logo\/image\/"}}]}},"_links":{"self":[{"href":"https:\/\/multi.pixelspace.com.br\/daniel\/wp-json\/wp\/v2\/pages\/8","targetHints":{"allow":["GET"]}}],"collection":[{"href":"https:\/\/multi.pixelspace.com.br\/daniel\/wp-json\/wp\/v2\/pages"}],"about":[{"href":"https:\/\/multi.pixelspace.com.br\/daniel\/wp-json\/wp\/v2\/types\/page"}],"author":[{"embeddable":true,"href":"https:\/\/multi.pixelspace.com.br\/daniel\/wp-json\/wp\/v2\/users\/1"}],"replies":[{"embeddable":true,"href":"https:\/\/multi.pixelspace.com.br\/daniel\/wp-json\/wp\/v2\/comments?post=8"}],"version-history":[{"count":19,"href":"https:\/\/multi.pixelspace.com.br\/daniel\/wp-json\/wp\/v2\/pages\/8\/revisions"}],"predecessor-version":[{"id":72,"href":"https:\/\/multi.pixelspace.com.br\/daniel\/wp-json\/wp\/v2\/pages\/8\/revisions\/72"}],"wp:attachment":[{"href":"https:\/\/multi.pixelspace.com.br\/daniel\/wp-json\/wp\/v2\/media?parent=8"}],"curies":[{"name":"wp","href":"https:\/\/api.w.org\/{rel}","templated":true}]}}